{"id":96,"date":"2026-01-21T16:29:28","date_gmt":"2026-01-21T16:29:28","guid":{"rendered":"https:\/\/preprod-pigeon.goldenmarket-tn.com\/?page_id=96"},"modified":"2026-01-21T16:32:00","modified_gmt":"2026-01-21T16:32:00","slug":"picots-anti-pigeons-solupic","status":"publish","type":"page","link":"https:\/\/pigeons-propres.fr\/index.php\/picots-anti-pigeons-solupic\/","title":{"rendered":"Picots anti-pigeons SOLUPIC"},"content":{"rendered":"\t\t<div data-elementor-type=\"wp-page\" data-elementor-id=\"96\" class=\"elementor elementor-96\">\n\t\t\t\t<div class=\"elementor-element elementor-element-5d69fa0 e-con-full e-flex e-con e-parent\" data-id=\"5d69fa0\" data-element_type=\"container\" data-e-type=\"container\">\n\t\t<div class=\"elementor-element elementor-element-4492427 e-con-full e-flex e-con e-child\" data-id=\"4492427\" data-element_type=\"container\" data-e-type=\"container\" data-settings=\"{&quot;background_background&quot;:&quot;classic&quot;}\">\n\t\t\t\t<div class=\"elementor-element elementor-element-03534ac elementor-widget elementor-widget-text-editor\" data-id=\"03534ac\" data-element_type=\"widget\" data-e-type=\"widget\" data-widget_type=\"text-editor.default\">\n\t\t\t\t\t\t\t\t\t<section class=\"hero-electro\"><div class=\"container\"><div class=\"row align-items-center pl-md-3 pr-md-3\"><div class=\"col-md-12\"><h1 class=\"text-white\">Picots anti-pigeons SOLUPIC<\/h1><h3 class=\"text-white mt-3 fs-24\"><strong>PIGEON PROPRE<\/strong>\u00ae est l\u2019inventeur du\u00a0<strong>syst\u00e8me d\u2019Electro-R\u00e9pulsion\u00ae anti-pigeons<\/strong>\u00a0et propri\u00e9taire de la marque d\u00e9pos\u00e9e depuis 1996. Plus de 4000 r\u00e9f\u00e9rences en France et \u00e0 l\u2019international.<\/h3><div class=\"row mt-4\">\u00a0<\/div><div class=\"row mt-4\" style=\"display: flex; justify-content: center;\"><a href=\"index.php#service\"><button class=\"btn-grad d-flex\">Nos services<\/button><\/a> <a href=\"https:\/\/web.archive.org\/web\/20240421053052\/tel:+33143974861\"><button class=\"btn-grad-2 d-flex\">01 43 97 48 61<\/button><\/a> <button class=\"btn-grad-2 btnForm\" type=\"button\" data-toggle=\"modal\" data-target=\"#exampleModal1\">Besoin d&rsquo;un devis<\/button><\/div><\/div><\/div><\/div><\/section>\t\t\t\t\t\t\t\t<\/div>\n\t\t\t\t<\/div>\n\t\t\t\t<\/div>\n\t\t<div class=\"elementor-element elementor-element-fe0c33f e-flex e-con-boxed e-con e-parent\" data-id=\"fe0c33f\" data-element_type=\"container\" data-e-type=\"container\">\n\t\t\t\t\t<div class=\"e-con-inner\">\n\t\t<div class=\"elementor-element elementor-element-71930ab e-con-full e-flex e-con e-child\" data-id=\"71930ab\" data-element_type=\"container\" data-e-type=\"container\">\n\t\t\t\t<div class=\"elementor-element elementor-element-495f80b elementor-widget elementor-widget-text-editor\" data-id=\"495f80b\" data-element_type=\"widget\" data-e-type=\"widget\" data-widget_type=\"text-editor.default\">\n\t\t\t\t\t\t\t\t\t<h3>Principe<\/h3><p>Les syst\u00e8mes \u00e0 pics permettent l\u2019\u00e9loignement des pigeons, des mouettes ou des corbeaux sans les blesser.<\/p><p>Des\u00a0<strong class=\"strong\">pics<\/strong>\u00a0sont fix\u00e9s \u00e0 l\u2019aide d\u2019une colle silicone neutre, sans forer et sans appareillage particulier.<\/p><h3>Avantages<\/h3><p>Le picot anti-pigeon, ou autres volatiles, est une solution efficace lorsque l\u2019\u00e9lectro-r\u00e9pulsion\u00ae n\u2019est pas possible (alimentation \u00e9lectrique trop \u00e9loign\u00e9e ou m\u00e9trage tr\u00e8s faible).<\/p><h3>Inconv\u00e9nients<\/h3><p>Les pigeons peuvent arriver \u00e0 contourner les surfaces prot\u00e9g\u00e9es par les pics anti oiseaux.<\/p>\t\t\t\t\t\t\t\t<\/div>\n\t\t\t\t<\/div>\n\t\t<div class=\"elementor-element elementor-element-3f80cf6 e-con-full e-flex e-con e-child\" data-id=\"3f80cf6\" data-element_type=\"container\" data-e-type=\"container\">\n\t\t\t\t<div class=\"elementor-element elementor-element-c94c8bc elementor-widget elementor-widget-text-editor\" data-id=\"c94c8bc\" data-element_type=\"widget\" data-e-type=\"widget\" data-widget_type=\"text-editor.default\">\n\t\t\t\t\t\t\t\t\t<h3>Caract\u00e9ristiques techniques<\/h3><p>Le SOLUPIC, notre syst\u00e8me picot anti pigeon, est fabriqu\u00e9 en mat\u00e9riau tr\u00e8s r\u00e9sistant et inalt\u00e9rable :<\/p><ul><li>Le pied en polycarbonate est tr\u00e8s r\u00e9sistant et stabilis\u00e9 aux UV,<\/li><li>Les pics en inox qualit\u00e9 \u00abmarine\u00bb ont une hauteur de 110 mm,<\/li><li>Chaque \u00e9l\u00e9ment du picot anti pigeon est long de 495 mm, ce qui garanti un placement rapide,<\/li><li>Le Solupic 4 est large de 165 mm et permet la protection d\u2019une bande de 250 mm de large,<\/li><li>Le Solupic 2 est large de 60 mm et sera utilis\u00e9 sur des bords \u00e9troits ou comme \u00e9l\u00e9ment suppl\u00e9mentaire pour des zones \u00e0 prot\u00e9ger d\u2019une largeur sup\u00e9rieure \u00e0 250 mm,<\/li><li>Le renflement \u00e0 la base des pics assure une solidit\u00e9 suppl\u00e9mentaire \u00e0 notre picot anti-pigeon,<\/li><li>La grande stabilit\u00e9 et la faible distance entre pics (seulement 45 mm) emp\u00eache les pigeons de forcer le passage de notre picot anti-pigeon,<\/li><li>La base pr\u00e9sente de nombreuses entailles, ceci permet une utilisation flexible des pics en raccourcissant les \u00e9l\u00e9ments o\u00f9 c\u2019est n\u00e9cessaire pour une protection anti pigeon efficace et durable.<\/li><\/ul>\t\t\t\t\t\t\t\t<\/div>\n\t\t\t\t<\/div>\n\t\t\t\t\t<\/div>\n\t\t\t\t<\/div>\n\t\t\t\t<\/div>\n\t\t","protected":false},"excerpt":{"rendered":"<p>Picots anti-pigeons SOLUPIC PIGEON PROPRE\u00ae est l\u2019inventeur du\u00a0syst\u00e8me d\u2019Electro-R\u00e9pulsion\u00ae anti-pigeons\u00a0et propri\u00e9taire de la marque d\u00e9pos\u00e9e depuis 1996. Plus de 4000 r\u00e9f\u00e9rences en France et \u00e0 l\u2019international. \u00a0Nos services 01 43 97 48 61 Besoin d&rsquo;un devis Principe Les syst\u00e8mes \u00e0 pics permettent l\u2019\u00e9loignement des pigeons, des mouettes ou des corbeaux sans les blesser. Des\u00a0pics\u00a0sont fix\u00e9s&hellip;<\/p>\n","protected":false},"author":1,"featured_media":0,"parent":0,"menu_order":0,"comment_status":"closed","ping_status":"closed","template":"elementor_header_footer","meta":{"footnotes":""},"class_list":["post-96","page","type-page","status-publish","hentry"],"_links":{"self":[{"href":"https:\/\/pigeons-propres.fr\/index.php\/wp-json\/wp\/v2\/pages\/96","targetHints":{"allow":["GET"]}}],"collection":[{"href":"https:\/\/pigeons-propres.fr\/index.php\/wp-json\/wp\/v2\/pages"}],"about":[{"href":"https:\/\/pigeons-propres.fr\/index.php\/wp-json\/wp\/v2\/types\/page"}],"author":[{"embeddable":true,"href":"https:\/\/pigeons-propres.fr\/index.php\/wp-json\/wp\/v2\/users\/1"}],"replies":[{"embeddable":true,"href":"https:\/\/pigeons-propres.fr\/index.php\/wp-json\/wp\/v2\/comments?post=96"}],"version-history":[{"count":11,"href":"https:\/\/pigeons-propres.fr\/index.php\/wp-json\/wp\/v2\/pages\/96\/revisions"}],"predecessor-version":[{"id":195,"href":"https:\/\/pigeons-propres.fr\/index.php\/wp-json\/wp\/v2\/pages\/96\/revisions\/195"}],"wp:attachment":[{"href":"https:\/\/pigeons-propres.fr\/index.php\/wp-json\/wp\/v2\/media?parent=96"}],"curies":[{"name":"wp","href":"https:\/\/api.w.org\/{rel}","templated":true}]}}