{"id":319,"date":"2026-01-22T15:49:41","date_gmt":"2026-01-22T15:49:41","guid":{"rendered":"https:\/\/preprod-pigeon.goldenmarket-tn.com\/?page_id=319"},"modified":"2026-01-22T15:51:05","modified_gmt":"2026-01-22T15:51:05","slug":"immeubles-et-maisons","status":"publish","type":"page","link":"https:\/\/pigeons-propres.fr\/index.php\/immeubles-et-maisons\/","title":{"rendered":"Immeubles et maisons"},"content":{"rendered":"\t\t<div data-elementor-type=\"wp-page\" data-elementor-id=\"319\" class=\"elementor elementor-319\">\n\t\t\t\t<div class=\"elementor-element elementor-element-11d42a80 e-con-full e-flex e-con e-parent\" data-id=\"11d42a80\" data-element_type=\"container\" data-e-type=\"container\">\n\t\t<div class=\"elementor-element elementor-element-3dc50beb e-con-full e-flex e-con e-child\" data-id=\"3dc50beb\" data-element_type=\"container\" data-e-type=\"container\" data-settings=\"{&quot;background_background&quot;:&quot;classic&quot;}\">\n\t\t\t\t<div class=\"elementor-element elementor-element-42481be6 elementor-widget elementor-widget-text-editor\" data-id=\"42481be6\" data-element_type=\"widget\" data-e-type=\"widget\" data-widget_type=\"text-editor.default\">\n\t\t\t\t\t\t\t\t\t<section class=\"hero-electro\"><div class=\"container\"><div class=\"row align-items-center pl-md-3 pr-md-3\"><div class=\"col-md-12\"><h1 class=\"text-white\">Immeubles et maisons<\/h1><p class=\"text-white mt-3 fs-24\"><strong>Pigeon Propre<\/strong>\u00ae, sp\u00e9cialiste des\u00a0<strong>syst\u00e8mes d\u2019effarouchement anti-pigeons<\/strong>\u00a0et inventeur en 1996 d\u2019une solution efficace et brevet\u00e9e pour\u00a0<strong>se d\u00e9barrasser des pigeons<\/strong>\u00a0: l\u2019<strong>\u00e9lectro-r\u00e9pulsion<\/strong>\u00ae<\/p><div class=\"row mt-4\">\u00a0<\/div><div class=\"row mt-4\">\u00a0<\/div><div class=\"row mt-4\">\u00a0<\/div><div class=\"row mt-4\">\u00a0<\/div><div class=\"row mt-4\">\u00a0<\/div><div class=\"row mt-4\">\u00a0<\/div><div class=\"row mt-4\" style=\"display: flex; justify-content: center;\"><a href=\"index.php#service\"><button class=\"btn-grad d-flex\">Nos services<\/button><\/a> <a href=\"https:\/\/web.archive.org\/web\/20240421053052\/tel:+33143974861\"><button class=\"btn-grad-2 d-flex\">01 43 97 48 61<\/button><\/a> <button class=\"btn-grad-2 btnForm\" type=\"button\" data-toggle=\"modal\" data-target=\"#exampleModal1\">Besoin d&rsquo;un devis<\/button><\/div><\/div><\/div><\/div><\/section>\t\t\t\t\t\t\t\t<\/div>\n\t\t\t\t<\/div>\n\t\t\t\t<\/div>\n\t\t<div class=\"elementor-element elementor-element-1b9f7b14 e-flex e-con-boxed e-con e-parent\" data-id=\"1b9f7b14\" data-element_type=\"container\" data-e-type=\"container\" data-settings=\"{&quot;background_background&quot;:&quot;classic&quot;}\">\n\t\t\t\t\t<div class=\"e-con-inner\">\n\t\t\t\t<div class=\"elementor-element elementor-element-cc7a219 elementor-widget elementor-widget-text-editor\" data-id=\"cc7a219\" data-element_type=\"widget\" data-e-type=\"widget\" data-widget_type=\"text-editor.default\">\n\t\t\t\t\t\t\t\t\t<section class=\"bandeau-titre\">\n<h2 class=\"text-center\" style=\"border: 4px #0682F5; border-left-style: solid; padding-left: 20px;\"><span class=\"b-r-s\">Immeubles et maisons individuelles\n<\/span><\/h2>\n&nbsp;\n\n<\/section>\t\t\t\t\t\t\t\t<\/div>\n\t\t\t\t\t<\/div>\n\t\t\t\t<\/div>\n\t\t<div class=\"elementor-element elementor-element-1e1cb972 e-flex e-con-boxed e-con e-parent\" data-id=\"1e1cb972\" data-element_type=\"container\" data-e-type=\"container\" data-settings=\"{&quot;background_background&quot;:&quot;classic&quot;}\">\n\t\t\t\t\t<div class=\"e-con-inner\">\n\t\t\t\t<div class=\"elementor-element elementor-element-6a8a6225 elementor-widget elementor-widget-text-editor\" data-id=\"6a8a6225\" data-element_type=\"widget\" data-e-type=\"widget\" data-widget_type=\"text-editor.default\">\n\t\t\t\t\t\t\t\t\t<section class=\"bandeau-titre\"><div class=\"col-md-6\"><p>Des pigeons d\u00e9gradent votre bien et polluent votre environnement.<\/p><p>Pigeon Propre\u00ae a la solution<\/p><p>Nous travaillons aussi bien avec les particuliers qu\u2019avec les conseils syndicaux et les syndics de copropri\u00e9t\u00e9.<\/p><p>Fort de notre exp\u00e9rience et de l\u2019\u00e9ventail de nos solutions, nous \u00e9tudierons avec vous une solution adapt\u00e9e \u00e0 votre probl\u00e9matique et \u00e0 votre budget, dans le respect de l\u2019esth\u00e9tique de votre patrimoine.<\/p><\/div><\/section>\t\t\t\t\t\t\t\t<\/div>\n\t\t\t\t\t<\/div>\n\t\t\t\t<\/div>\n\t\t\t\t<\/div>\n\t\t","protected":false},"excerpt":{"rendered":"<p>Immeubles et maisons Pigeon Propre\u00ae, sp\u00e9cialiste des\u00a0syst\u00e8mes d\u2019effarouchement anti-pigeons\u00a0et inventeur en 1996 d\u2019une solution efficace et brevet\u00e9e pour\u00a0se d\u00e9barrasser des pigeons\u00a0: l\u2019\u00e9lectro-r\u00e9pulsion\u00ae \u00a0\u00a0\u00a0\u00a0\u00a0\u00a0Nos services 01 43 97 48 61 Besoin d&rsquo;un devis Immeubles et maisons individuelles &nbsp; Des pigeons d\u00e9gradent votre bien et polluent votre environnement. Pigeon Propre\u00ae a la solution Nous travaillons aussi bien&hellip;<\/p>\n","protected":false},"author":1,"featured_media":0,"parent":0,"menu_order":0,"comment_status":"closed","ping_status":"closed","template":"elementor_header_footer","meta":{"footnotes":""},"class_list":["post-319","page","type-page","status-publish","hentry"],"_links":{"self":[{"href":"https:\/\/pigeons-propres.fr\/index.php\/wp-json\/wp\/v2\/pages\/319","targetHints":{"allow":["GET"]}}],"collection":[{"href":"https:\/\/pigeons-propres.fr\/index.php\/wp-json\/wp\/v2\/pages"}],"about":[{"href":"https:\/\/pigeons-propres.fr\/index.php\/wp-json\/wp\/v2\/types\/page"}],"author":[{"embeddable":true,"href":"https:\/\/pigeons-propres.fr\/index.php\/wp-json\/wp\/v2\/users\/1"}],"replies":[{"embeddable":true,"href":"https:\/\/pigeons-propres.fr\/index.php\/wp-json\/wp\/v2\/comments?post=319"}],"version-history":[{"count":5,"href":"https:\/\/pigeons-propres.fr\/index.php\/wp-json\/wp\/v2\/pages\/319\/revisions"}],"predecessor-version":[{"id":328,"href":"https:\/\/pigeons-propres.fr\/index.php\/wp-json\/wp\/v2\/pages\/319\/revisions\/328"}],"wp:attachment":[{"href":"https:\/\/pigeons-propres.fr\/index.php\/wp-json\/wp\/v2\/media?parent=319"}],"curies":[{"name":"wp","href":"https:\/\/api.w.org\/{rel}","templated":true}]}}