{"id":313,"date":"2026-01-22T15:46:33","date_gmt":"2026-01-22T15:46:33","guid":{"rendered":"https:\/\/preprod-pigeon.goldenmarket-tn.com\/?page_id=313"},"modified":"2026-01-22T15:49:01","modified_gmt":"2026-01-22T15:49:01","slug":"sites-commerciaux-et-industriels-2","status":"publish","type":"page","link":"https:\/\/pigeons-propres.fr\/index.php\/sites-commerciaux-et-industriels-2\/","title":{"rendered":"Sites commerciaux et industriels"},"content":{"rendered":"\t\t<div data-elementor-type=\"wp-page\" data-elementor-id=\"313\" class=\"elementor elementor-313\">\n\t\t\t\t<div class=\"elementor-element elementor-element-4d35d2c7 e-con-full e-flex e-con e-parent\" data-id=\"4d35d2c7\" data-element_type=\"container\" data-e-type=\"container\">\n\t\t<div class=\"elementor-element elementor-element-31437080 e-con-full e-flex e-con e-child\" data-id=\"31437080\" data-element_type=\"container\" data-e-type=\"container\" data-settings=\"{&quot;background_background&quot;:&quot;classic&quot;}\">\n\t\t\t\t<div class=\"elementor-element elementor-element-5721a776 elementor-widget elementor-widget-text-editor\" data-id=\"5721a776\" data-element_type=\"widget\" data-e-type=\"widget\" data-widget_type=\"text-editor.default\">\n\t\t\t\t\t\t\t\t\t<section class=\"hero-electro\"><div class=\"container\"><div class=\"row align-items-center pl-md-3 pr-md-3\"><div class=\"col-md-12\"><h1 class=\"text-white\">Sites commerciaux et industriels<\/h1><p class=\"text-white mt-3 fs-24\"><strong>Pigeon Propre<\/strong>\u00ae, sp\u00e9cialiste des\u00a0<strong>syst\u00e8mes d\u2019effarouchement anti-pigeons<\/strong>\u00a0et inventeur en 1996 d\u2019une solution efficace et brevet\u00e9e pour\u00a0<strong>se d\u00e9barrasser des pigeons<\/strong>\u00a0: l\u2019<strong>\u00e9lectro-r\u00e9pulsion<\/strong>\u00ae<\/p><div class=\"row mt-4\">\u00a0<\/div><div class=\"row mt-4\">\u00a0<\/div><div class=\"row mt-4\">\u00a0<\/div><div class=\"row mt-4\">\u00a0<\/div><div class=\"row mt-4\">\u00a0<\/div><div class=\"row mt-4\">\u00a0<\/div><div class=\"row mt-4\">\u00a0<\/div><div class=\"row mt-4\" style=\"display: flex; justify-content: center;\"><a href=\"index.php#service\"><button class=\"btn-grad d-flex\">Nos services<\/button><\/a> <a href=\"https:\/\/web.archive.org\/web\/20240421053052\/tel:+33143974861\"><button class=\"btn-grad-2 d-flex\">01 43 97 48 61<\/button><\/a> <button class=\"btn-grad-2 btnForm\" type=\"button\" data-toggle=\"modal\" data-target=\"#exampleModal1\">Besoin d&rsquo;un devis<\/button><\/div><\/div><\/div><\/div><\/section>\t\t\t\t\t\t\t\t<\/div>\n\t\t\t\t<\/div>\n\t\t\t\t<\/div>\n\t\t<div class=\"elementor-element elementor-element-7eb164b9 e-flex e-con-boxed e-con e-parent\" data-id=\"7eb164b9\" data-element_type=\"container\" data-e-type=\"container\" data-settings=\"{&quot;background_background&quot;:&quot;classic&quot;}\">\n\t\t\t\t\t<div class=\"e-con-inner\">\n\t\t\t\t<div class=\"elementor-element elementor-element-51f1d2bd elementor-widget elementor-widget-text-editor\" data-id=\"51f1d2bd\" data-element_type=\"widget\" data-e-type=\"widget\" data-widget_type=\"text-editor.default\">\n\t\t\t\t\t\t\t\t\t<section class=\"bandeau-titre\">\n<h2 class=\"text-center\" style=\"border: 4px #0682F5; border-left-style: solid; padding-left: 20px;\"><span class=\"b-r-s\">Sites commerciaux et industriels\n\n<\/span><\/h2>\n<\/section>\t\t\t\t\t\t\t\t<\/div>\n\t\t\t\t\t<\/div>\n\t\t\t\t<\/div>\n\t\t<div class=\"elementor-element elementor-element-74f47947 e-con-full e-flex e-con e-parent\" data-id=\"74f47947\" data-element_type=\"container\" data-e-type=\"container\">\n\t\t\t\t<div class=\"elementor-element elementor-element-6752f4cb elementor-widget elementor-widget-text-editor\" data-id=\"6752f4cb\" data-element_type=\"widget\" data-e-type=\"widget\" data-widget_type=\"text-editor.default\">\n\t\t\t\t\t\t\t\t\t<h3 class=\"mt-5\">Exemples de sites commerciaux prot\u00e9g\u00e9s par les syst\u00e8mes Pigeon Propre\u00ae<\/h3><section class=\"pt-5 pb-3\"><div class=\"container\"><div class=\"row align-items-center\"><div class=\"col-12 mt-3\"><p>Pigeon Propre\u00ae propose des solutions adapt\u00e9es anti-pigeon, ou autres volatiles, pour les Centres Commerciaux, les CHR (h\u00f4tels, restaurants, caf\u00e9s\u2026), les entrep\u00f4ts, les sites de production, les sites de stockage, les locaux commerciaux\u2026<\/p><p>Nous travaillons en \u00e9troite collaboration avec les architectes, les bureaux d\u2019ing\u00e9nieries, les services techniques et\/ou de maintenance dans le respect des r\u00e8gles de s\u00e9curit\u00e9 et d\u2019esth\u00e9tique.<\/p><p>Toute probl\u00e9matique a une solution\u2026<\/p><p>Fort de notre exp\u00e9rience et de l\u2019\u00e9ventail de nos solutions, nous \u00e9tudierons avec vous une solution adapt\u00e9e.<\/p><\/div><\/div><\/div><\/section>\t\t\t\t\t\t\t\t<\/div>\n\t\t\t\t<\/div>\n\t\t<div class=\"elementor-element elementor-element-156908e8 e-flex e-con-boxed e-con e-parent\" data-id=\"156908e8\" data-element_type=\"container\" data-e-type=\"container\">\n\t\t\t\t\t<div class=\"e-con-inner\">\n\t\t\t\t<div class=\"elementor-element elementor-element-1d7cb21 elementor-widget elementor-widget-text-editor\" data-id=\"1d7cb21\" data-element_type=\"widget\" data-e-type=\"widget\" data-widget_type=\"text-editor.default\">\n\t\t\t\t\t\t\t\t\t<div class=\"row\">\n  <div class=\"col-md-6 mx-auto\">\n    <table class=\"table table-striped\">\n      <thead>\n        <tr>\n          <th scope=\"col\">Site<\/th>\n          <th scope=\"col\">Ville<\/th>\n          <th scope=\"col\">R\u00e9gion \/ Pays<\/th>\n        <\/tr>\n      <\/thead>\n      <tbody>\n        <tr>\n          <td>Banque Bruxelles Lambert<\/td>\n          <td>Gen\u00e8ve<\/td>\n          <td>Suisse<\/td>\n        <\/tr>\n        <tr>\n          <td>Banque Cantonale Vaudoise<\/td>\n          <td>Lausanne<\/td>\n          <td>Suisse<\/td>\n        <\/tr>\n        <tr>\n          <td>Banque Cr\u00e9dit Suisse<\/td>\n          <td>Lausanne<\/td>\n          <td>Suisse<\/td>\n        <\/tr>\n        <tr>\n          <td>Banque de France<\/td>\n          <td>Saint-Quentin<\/td>\n          <td>Hauts-de-France<\/td>\n        <\/tr>\n        <tr>\n          <td>Banque Place du Rh\u00f4ne<\/td>\n          <td>Gen\u00e8ve<\/td>\n          <td>Suisse<\/td>\n        <\/tr>\n        <tr>\n          <td>BHV<\/td>\n          <td>Paris<\/td>\n          <td>\u00cele-de-France<\/td>\n        <\/tr>\n        <tr>\n          <td>Galeries Lafayette<\/td>\n          <td>Paris<\/td>\n          <td>\u00cele-de-France<\/td>\n        <\/tr>\n        <tr>\n          <td>H\u00f4tel Holidays INN<\/td>\n          <td>Paris<\/td>\n          <td>\u00cele-de-France<\/td>\n        <\/tr>\n      <\/tbody>\n    <\/table>\n  <\/div>\n  <div class=\"col-md-6 mx-auto\">\n    <table class=\"table table-striped\">\n      <thead>\n        <tr>\n          <th scope=\"col\">Site<\/th>\n          <th scope=\"col\">Ville<\/th>\n          <th scope=\"col\">R\u00e9gion \/ Pays<\/th>\n        <\/tr>\n      <\/thead>\n      <tbody><tr>\n          <td>H\u00f4tel Noga Hilton<\/td>\n          <td>Gen\u00e8ve<\/td>\n          <td>Suisse<\/td>\n        <\/tr>\n        <tr>\n          <td>H\u00f4tel Ritz<\/td>\n          <td>Paris<\/td>\n          <td>\u00cele-de-France<\/td>\n        <\/tr>\n        <tr>\n          <td>H\u00f4tel Sofitel<\/td>\n          <td>Paris<\/td>\n          <td>\u00cele-de-France<\/td>\n        <\/tr>\n      <tr>\n          <td>Hypodrome<\/td>\n          <td>Enghein-les-Bains<\/td>\n          <td>\u00cele-de-France<\/td>\n        <\/tr>\n        <tr>\n          <td>Le Printemps<\/td>\n          <td>Paris<\/td>\n          <td>\u00cele-de-France<\/td>\n        <\/tr>\n        <tr>\n          <td>P\u00e9piniere d\u2019entreprises<\/td>\n          <td>Versailles<\/td>\n          <td>\u00cele-de-France<\/td>\n        <\/tr>\n        <tr>\n          <td>UBS Conf\u00e9d\u00e9ration<\/td>\n          <td>Gen\u00e8ve<\/td>\n          <td>Suisse<\/td>\n        <\/tr>\n        <tr>\n          <td>UBS Grand-M\u00e9zel<\/td>\n          <td>Gen\u00e8ve<\/td>\n          <td>Suisse<\/td>\n        <\/tr>\n        <tr>\n          <td>UBS Molard<\/td>\n          <td>Gen\u00e8ve<\/td>\n          <td>Suisse<\/td>\n        <\/tr>\n\n\n    <\/tbody><\/table>\n  <\/div>\n<\/div>\t\t\t\t\t\t\t\t<\/div>\n\t\t\t\t\t<\/div>\n\t\t\t\t<\/div>\n\t\t\t\t<\/div>\n\t\t","protected":false},"excerpt":{"rendered":"<p>Sites commerciaux et industriels Pigeon Propre\u00ae, sp\u00e9cialiste des\u00a0syst\u00e8mes d\u2019effarouchement anti-pigeons\u00a0et inventeur en 1996 d\u2019une solution efficace et brevet\u00e9e pour\u00a0se d\u00e9barrasser des pigeons\u00a0: l\u2019\u00e9lectro-r\u00e9pulsion\u00ae \u00a0\u00a0\u00a0\u00a0\u00a0\u00a0\u00a0Nos services 01 43 97 48 61 Besoin d&rsquo;un devis Sites commerciaux et industriels Exemples de sites commerciaux prot\u00e9g\u00e9s par les syst\u00e8mes Pigeon Propre\u00ae Pigeon Propre\u00ae propose des solutions adapt\u00e9es anti-pigeon, ou&hellip;<\/p>\n","protected":false},"author":1,"featured_media":0,"parent":0,"menu_order":0,"comment_status":"closed","ping_status":"closed","template":"elementor_header_footer","meta":{"footnotes":""},"class_list":["post-313","page","type-page","status-publish","hentry"],"_links":{"self":[{"href":"https:\/\/pigeons-propres.fr\/index.php\/wp-json\/wp\/v2\/pages\/313","targetHints":{"allow":["GET"]}}],"collection":[{"href":"https:\/\/pigeons-propres.fr\/index.php\/wp-json\/wp\/v2\/pages"}],"about":[{"href":"https:\/\/pigeons-propres.fr\/index.php\/wp-json\/wp\/v2\/types\/page"}],"author":[{"embeddable":true,"href":"https:\/\/pigeons-propres.fr\/index.php\/wp-json\/wp\/v2\/users\/1"}],"replies":[{"embeddable":true,"href":"https:\/\/pigeons-propres.fr\/index.php\/wp-json\/wp\/v2\/comments?post=313"}],"version-history":[{"count":4,"href":"https:\/\/pigeons-propres.fr\/index.php\/wp-json\/wp\/v2\/pages\/313\/revisions"}],"predecessor-version":[{"id":318,"href":"https:\/\/pigeons-propres.fr\/index.php\/wp-json\/wp\/v2\/pages\/313\/revisions\/318"}],"wp:attachment":[{"href":"https:\/\/pigeons-propres.fr\/index.php\/wp-json\/wp\/v2\/media?parent=313"}],"curies":[{"name":"wp","href":"https:\/\/api.w.org\/{rel}","templated":true}]}}