{"id":307,"date":"2026-01-22T15:43:52","date_gmt":"2026-01-22T15:43:52","guid":{"rendered":"https:\/\/preprod-pigeon.goldenmarket-tn.com\/?page_id=307"},"modified":"2026-01-22T15:45:57","modified_gmt":"2026-01-22T15:45:57","slug":"batiment-et-services-public","status":"publish","type":"page","link":"https:\/\/pigeons-propres.fr\/index.php\/batiment-et-services-public\/","title":{"rendered":"B\u00e2timent et services public"},"content":{"rendered":"\t\t<div data-elementor-type=\"wp-page\" data-elementor-id=\"307\" class=\"elementor elementor-307\">\n\t\t\t\t<div class=\"elementor-element elementor-element-3971fdb2 e-con-full e-flex e-con e-parent\" data-id=\"3971fdb2\" data-element_type=\"container\" data-e-type=\"container\">\n\t\t<div class=\"elementor-element elementor-element-1d00bb20 e-con-full e-flex e-con e-child\" data-id=\"1d00bb20\" data-element_type=\"container\" data-e-type=\"container\" data-settings=\"{&quot;background_background&quot;:&quot;classic&quot;}\">\n\t\t\t\t<div class=\"elementor-element elementor-element-637cd1de elementor-widget elementor-widget-text-editor\" data-id=\"637cd1de\" data-element_type=\"widget\" data-e-type=\"widget\" data-widget_type=\"text-editor.default\">\n\t\t\t\t\t\t\t\t\t<section class=\"hero-electro\"><div class=\"container\"><div class=\"row align-items-center pl-md-3 pr-md-3\"><div class=\"col-md-12\"><h1 class=\"text-white\">B\u00e2timent et services public<\/h1><p class=\"text-white mt-3 fs-24\"><strong>Pigeon Propre<\/strong>\u00ae, sp\u00e9cialiste des\u00a0<strong>syst\u00e8mes d\u2019effarouchement anti-pigeons<\/strong>\u00a0et inventeur en 1996 d\u2019une solution efficace et brevet\u00e9e pour\u00a0<strong>se d\u00e9barrasser des pigeons<\/strong>\u00a0: l\u2019<strong>\u00e9lectro-r\u00e9pulsion<\/strong>\u00ae<\/p><div class=\"row mt-4\">\u00a0<\/div><div class=\"row mt-4\">\u00a0<\/div><div class=\"row mt-4\">\u00a0<\/div><div class=\"row mt-4\">\u00a0<\/div><div class=\"row mt-4\">\u00a0<\/div><div class=\"row mt-4\">\u00a0<\/div><div class=\"row mt-4\">\u00a0<\/div><div class=\"row mt-4\" style=\"display: flex; justify-content: center;\"><a href=\"index.php#service\"><button class=\"btn-grad d-flex\">Nos services<\/button><\/a> <a href=\"https:\/\/web.archive.org\/web\/20240421053052\/tel:+33143974861\"><button class=\"btn-grad-2 d-flex\">01 43 97 48 61<\/button><\/a> <button class=\"btn-grad-2 btnForm\" type=\"button\" data-toggle=\"modal\" data-target=\"#exampleModal1\">Besoin d&rsquo;un devis<\/button><\/div><\/div><\/div><\/div><\/section>\t\t\t\t\t\t\t\t<\/div>\n\t\t\t\t<\/div>\n\t\t\t\t<\/div>\n\t\t<div class=\"elementor-element elementor-element-789582bc e-flex e-con-boxed e-con e-parent\" data-id=\"789582bc\" data-element_type=\"container\" data-e-type=\"container\" data-settings=\"{&quot;background_background&quot;:&quot;classic&quot;}\">\n\t\t\t\t\t<div class=\"e-con-inner\">\n\t\t\t\t<div class=\"elementor-element elementor-element-637613d2 elementor-widget elementor-widget-text-editor\" data-id=\"637613d2\" data-element_type=\"widget\" data-e-type=\"widget\" data-widget_type=\"text-editor.default\">\n\t\t\t\t\t\t\t\t\t<section class=\"bandeau-titre\">\n<h2 class=\"text-center\" style=\"border: 4px #0682F5; border-left-style: solid; padding-left: 20px;\"><span class=\"b-r-s\">B\u00e2timents du Service Public\n\n<\/span><\/h2>\n<\/section>\t\t\t\t\t\t\t\t<\/div>\n\t\t\t\t\t<\/div>\n\t\t\t\t<\/div>\n\t\t<div class=\"elementor-element elementor-element-76200ee1 e-con-full e-flex e-con e-parent\" data-id=\"76200ee1\" data-element_type=\"container\" data-e-type=\"container\">\n\t\t\t\t<div class=\"elementor-element elementor-element-663afc73 elementor-widget elementor-widget-text-editor\" data-id=\"663afc73\" data-element_type=\"widget\" data-e-type=\"widget\" data-widget_type=\"text-editor.default\">\n\t\t\t\t\t\t\t\t\t<h3 class=\"mt-5\">Exemples de b\u00e2timents publics prot\u00e9g\u00e9s par les syst\u00e8mes Pigeon Propre\u00ae<\/h3><section class=\"pt-2 pb-3\"><div class=\"container\"><div class=\"row align-items-center\"><div class=\"col-12 mt-3\"><p>Pigeon Propre\u00ae propose des solutions adapt\u00e9es de\u00a0<strong>d\u00e9pigeonnisation<\/strong>, ou autres volatiles, pour les \u00e9coles, les coll\u00e8ges, les lyc\u00e9es, les mairies, les \u00e9quipements sportifs, les centres administratifs et affili\u00e9s, les places, les rues et autres b\u00e2timents du domaine public.<\/p><p>Nous travaillons en \u00e9troite collaboration avec les architectes, les services techniques et\/ou de maintenance, les responsables du patrimoine\u2026 dans le respect des r\u00e8gles de s\u00e9curit\u00e9 et d\u2019esth\u00e9tique.<\/p><p>Toute probl\u00e9matique a une solution. Fort de notre exp\u00e9rience et de l\u2019\u00e9ventail de nos solutions, nous \u00e9tudierons avec vous une solution adapt\u00e9e.<\/p><\/div><\/div><\/div><\/section><div class=\"container mt-4\"><div class=\"row\"><div class=\"col-md-6 mx-auto\">\u00a0<\/div><\/div><\/div>\t\t\t\t\t\t\t\t<\/div>\n\t\t\t\t<\/div>\n\t\t<div class=\"elementor-element elementor-element-1912ffa4 e-flex e-con-boxed e-con e-parent\" data-id=\"1912ffa4\" data-element_type=\"container\" data-e-type=\"container\">\n\t\t\t\t\t<div class=\"e-con-inner\">\n\t\t\t\t<div class=\"elementor-element elementor-element-5b9415a6 elementor-widget elementor-widget-text-editor\" data-id=\"5b9415a6\" data-element_type=\"widget\" data-e-type=\"widget\" data-widget_type=\"text-editor.default\">\n\t\t\t\t\t\t\t\t\t<div class=\"row\">\n    <div class=\"col-md-6 mx-auto\">\n      <table class=\"table table-striped\">\n        <thead>\n          <tr>\n            <th scope=\"col\">Site<\/th>\n            <th scope=\"col\">Ville<\/th>\n            <th scope=\"col\">R\u00e9gion<\/th>\n          <\/tr>\n        <\/thead>\n        <tbody>\n          <!-- <tr>\n            <td>Arc de Triomphe<\/td>\n            <td>Paris<\/td>\n            <td>Ile-de-France<\/td>\n          <\/tr> -->\n          <tr>\n            <td>Biblioth\u00e8que d\u2019art et d\u2019arch\u00e9ologie<\/td>\n            <td>Gen\u00e8ve<\/td>\n            <td>Suisse<\/td>\n          <\/tr>\n          <tr>\n            <td>Centre culturel 104<\/td>\n            <td>Paris<\/td>\n            <td>Ile-de-France<\/td>\n          <\/tr>\n          <tr>\n            <td>Chapelle Expiatoire<\/td>\n            <td>Paris<\/td>\n            <td>Ile-de-France<\/td>\n          <\/tr>\n          <tr>\n            <td>Coll\u00e9giale de Passy<\/td>\n            <td>Paris<\/td>\n            <td>Ile-de-France<\/td>\n          <\/tr>\n          <tr>\n            <td>Gare Saint Lazare<\/td>\n            <td>Paris<\/td>\n            <td>Ile-de-France<\/td>\n          <\/tr>\n          <tr>\n            <td>Gare SNCF<\/td>\n            <td>Tours<\/td>\n            <td>Centre-Val de Loire<\/td>\n          <\/tr>\n          <tr>\n            <td>H\u00f4pital<\/td>\n            <td>Nanterre<\/td>\n            <td>\u00cele-de-France<\/td>\n          <\/tr>\n        <\/tbody>\n      <\/table>\n    <\/div>\n    <div class=\"col-md-6 mx-auto\">\n      <table class=\"table table-striped\">\n        <thead>\n          <tr>\n            <th scope=\"col\">Site<\/th>\n            <th scope=\"col\">Ville<\/th>\n            <th scope=\"col\">R\u00e9gion<\/th>\n          <\/tr>\n        <\/thead>\n          <tbody><tr>\n            <td>H\u00f4tel de Ville<\/td>\n            <td>Fort-de-France<\/td>\n            <td>Martinique<\/td>\n          <\/tr>\n          <tr>\n            <td>H\u00f4tel de Ville<\/td>\n            <td>Gen\u00e8ve<\/td>\n            <td>Suisse<\/td>\n          <\/tr>\n          <tr>\n            <td>H\u00f4tel de Ville<\/td>\n            <td>Vannes<\/td>\n            <td>Bretagne<\/td>\n          <\/tr>\n          <tr>\n            <td>Mus\u00e9e Arch\u00e9ologique<\/td>\n            <td>Saint Martin<\/td>\n            <td>\/\/<\/td>\n          <\/tr>\n          <tr>\n            <td>Mus\u00e9e des Beaux Arts<\/td>\n            <td>Dijon<\/td>\n            <td>Bourgogne-Franche-Comt\u00e9<\/td>\n          <\/tr>\n          <tr>\n            <td>Op\u00e9ra Garnier<\/td>\n            <td>Paris<\/td>\n            <td>Ile-de-France<\/td>\n          <\/tr>\n          <tr>\n            <td>Op\u00e9ra Garnier<\/td>\n            <td>Paris<\/td>\n            <td>Ile-de-France<\/td>\n          <\/tr>\n          <tr>\n            <td>Palais Longchamps<\/td>\n            <td>Marseille<\/td>\n            <td>Bouches-du-Rh\u00f4ne<\/td>\n          <\/tr>\n          <tr>\n            <td>SDIS<\/td>\n            <td>Meaux<\/td>\n            <td>Ile-de-France<\/td>\n          <\/tr>\n          <tr>\n            <td>Sorbonne<\/td>\n            <td>Paris<\/td>\n            <td>Ile-de-France<\/td>\n          <\/tr>\n      <\/tbody><\/table>\n    <\/div>\n  <\/div>\t\t\t\t\t\t\t\t<\/div>\n\t\t\t\t\t<\/div>\n\t\t\t\t<\/div>\n\t\t\t\t<\/div>\n\t\t","protected":false},"excerpt":{"rendered":"<p>B\u00e2timent et services public Pigeon Propre\u00ae, sp\u00e9cialiste des\u00a0syst\u00e8mes d\u2019effarouchement anti-pigeons\u00a0et inventeur en 1996 d\u2019une solution efficace et brevet\u00e9e pour\u00a0se d\u00e9barrasser des pigeons\u00a0: l\u2019\u00e9lectro-r\u00e9pulsion\u00ae \u00a0\u00a0\u00a0\u00a0\u00a0\u00a0\u00a0Nos services 01 43 97 48 61 Besoin d&rsquo;un devis B\u00e2timents du Service Public Exemples de b\u00e2timents publics prot\u00e9g\u00e9s par les syst\u00e8mes Pigeon Propre\u00ae Pigeon Propre\u00ae propose des solutions adapt\u00e9es de\u00a0d\u00e9pigeonnisation, ou&hellip;<\/p>\n","protected":false},"author":1,"featured_media":0,"parent":0,"menu_order":0,"comment_status":"closed","ping_status":"closed","template":"elementor_header_footer","meta":{"footnotes":""},"class_list":["post-307","page","type-page","status-publish","hentry"],"_links":{"self":[{"href":"https:\/\/pigeons-propres.fr\/index.php\/wp-json\/wp\/v2\/pages\/307","targetHints":{"allow":["GET"]}}],"collection":[{"href":"https:\/\/pigeons-propres.fr\/index.php\/wp-json\/wp\/v2\/pages"}],"about":[{"href":"https:\/\/pigeons-propres.fr\/index.php\/wp-json\/wp\/v2\/types\/page"}],"author":[{"embeddable":true,"href":"https:\/\/pigeons-propres.fr\/index.php\/wp-json\/wp\/v2\/users\/1"}],"replies":[{"embeddable":true,"href":"https:\/\/pigeons-propres.fr\/index.php\/wp-json\/wp\/v2\/comments?post=307"}],"version-history":[{"count":4,"href":"https:\/\/pigeons-propres.fr\/index.php\/wp-json\/wp\/v2\/pages\/307\/revisions"}],"predecessor-version":[{"id":312,"href":"https:\/\/pigeons-propres.fr\/index.php\/wp-json\/wp\/v2\/pages\/307\/revisions\/312"}],"wp:attachment":[{"href":"https:\/\/pigeons-propres.fr\/index.php\/wp-json\/wp\/v2\/media?parent=307"}],"curies":[{"name":"wp","href":"https:\/\/api.w.org\/{rel}","templated":true}]}}