{"id":284,"date":"2026-01-22T15:23:33","date_gmt":"2026-01-22T15:23:33","guid":{"rendered":"https:\/\/preprod-pigeon.goldenmarket-tn.com\/?page_id=284"},"modified":"2026-01-22T15:25:51","modified_gmt":"2026-01-22T15:25:51","slug":"immeubles-et-maisons-individuelles","status":"publish","type":"page","link":"https:\/\/pigeons-propres.fr\/index.php\/immeubles-et-maisons-individuelles\/","title":{"rendered":"Immeubles et maisons individuelles"},"content":{"rendered":"\t\t<div data-elementor-type=\"wp-page\" data-elementor-id=\"284\" class=\"elementor elementor-284\">\n\t\t\t\t<div class=\"elementor-element elementor-element-18bfbf89 e-con-full e-flex e-con e-parent\" data-id=\"18bfbf89\" data-element_type=\"container\" data-e-type=\"container\">\n\t\t<div class=\"elementor-element elementor-element-4173e84f e-con-full e-flex e-con e-child\" data-id=\"4173e84f\" data-element_type=\"container\" data-e-type=\"container\" data-settings=\"{&quot;background_background&quot;:&quot;classic&quot;}\">\n\t\t\t\t<div class=\"elementor-element elementor-element-601ffdfd elementor-widget elementor-widget-text-editor\" data-id=\"601ffdfd\" data-element_type=\"widget\" data-e-type=\"widget\" data-widget_type=\"text-editor.default\">\n\t\t\t\t\t\t\t\t\t<section class=\"hero-electro\"><div class=\"container\"><div class=\"row align-items-center pl-md-3 pr-md-3\"><div class=\"col-md-12\"><h1 class=\"text-white\">Immeubles et maisons individuelles<\/h1><p class=\"text-white mt-3 fs-24\">Pigeon-Propre\u00ae plus de 4000 r\u00e9f\u00e9rences dans toute la France m\u00e9tropolitaine et l\u2019Outremer, en Belgique, Allemagne, Suisse, Italie, Espagne, Portugal, Afrique du Nord, Am\u00e9rique du Sud, Moyen Orient, Polyn\u00e9sie etc..<\/p><div class=\"row mt-4\">\u00a0<\/div><div class=\"row mt-4\">\u00a0<\/div><div class=\"row mt-4\">\u00a0<\/div><div class=\"row mt-4\">\u00a0<\/div><div class=\"row mt-4\">\u00a0<\/div><div class=\"row mt-4\">\u00a0<\/div><div class=\"row mt-4\" style=\"display: flex; justify-content: center;\"><a href=\"index.php#service\"><button class=\"btn-grad d-flex\">Nos services<\/button><\/a> <a href=\"https:\/\/web.archive.org\/web\/20240421053052\/tel:+33143974861\"><button class=\"btn-grad-2 d-flex\">01 43 97 48 61<\/button><\/a> <button class=\"btn-grad-2 btnForm\" type=\"button\" data-toggle=\"modal\" data-target=\"#exampleModal1\">Besoin d&rsquo;un devis<\/button><\/div><\/div><\/div><\/div><\/section>\t\t\t\t\t\t\t\t<\/div>\n\t\t\t\t<\/div>\n\t\t\t\t<\/div>\n\t\t<div class=\"elementor-element elementor-element-7dd0ee6f e-flex e-con-boxed e-con e-parent\" data-id=\"7dd0ee6f\" data-element_type=\"container\" data-e-type=\"container\" data-settings=\"{&quot;background_background&quot;:&quot;classic&quot;}\">\n\t\t\t\t\t<div class=\"e-con-inner\">\n\t\t\t\t<div class=\"elementor-element elementor-element-132762af elementor-widget elementor-widget-text-editor\" data-id=\"132762af\" data-element_type=\"widget\" data-e-type=\"widget\" data-widget_type=\"text-editor.default\">\n\t\t\t\t\t\t\t\t\t<section class=\"bandeau-titre\">\n<h2 class=\"text-center\" style=\"border: 4px #0682F5; border-left-style: solid; padding-left: 20px;\"><span class=\"b-r-s\">Immeubles et maisons individuelles\n<\/span><\/h2>\n&nbsp;\n\n<\/section>\t\t\t\t\t\t\t\t<\/div>\n\t\t\t\t\t<\/div>\n\t\t\t\t<\/div>\n\t\t<div class=\"elementor-element elementor-element-188c866d e-con-full e-flex e-con e-parent\" data-id=\"188c866d\" data-element_type=\"container\" data-e-type=\"container\">\n\t\t\t\t<div class=\"elementor-element elementor-element-3274634 elementor-widget elementor-widget-text-editor\" data-id=\"3274634\" data-element_type=\"widget\" data-e-type=\"widget\" data-widget_type=\"text-editor.default\">\n\t\t\t\t\t\t\t\t\t<p>Des pigeons d\u00e9gradent votre bien et polluent votre environnement.<\/p><p>Pigeon Propre\u00ae a la solution<\/p><p>Nous travaillons aussi bien avec les particuliers qu\u2019avec les conseils syndicaux et les syndics de copropri\u00e9t\u00e9.<\/p><p>Fort de notre exp\u00e9rience et de l\u2019\u00e9ventail de nos solutions, nous \u00e9tudierons avec vous une solution adapt\u00e9e \u00e0 votre probl\u00e9matique et \u00e0 votre budget, dans le respect de l\u2019esth\u00e9tique de votre patrimoine.<\/p>\t\t\t\t\t\t\t\t<\/div>\n\t\t\t\t<\/div>\n\t\t<div class=\"elementor-element elementor-element-610286d4 e-flex e-con-boxed e-con e-parent\" data-id=\"610286d4\" data-element_type=\"container\" data-e-type=\"container\" data-settings=\"{&quot;background_background&quot;:&quot;classic&quot;}\">\n\t\t\t\t\t<div class=\"e-con-inner\">\n\t\t\t\t<div class=\"elementor-element elementor-element-5b72907d elementor-widget elementor-widget-text-editor\" data-id=\"5b72907d\" data-element_type=\"widget\" data-e-type=\"widget\" data-widget_type=\"text-editor.default\">\n\t\t\t\t\t\t\t\t\t<section class=\"bandeau-titre\">\n<h2 class=\"text-center\" style=\"border: 4px #0682F5; border-left-style: solid; padding-left: 20px;\"><span class=\"b-r-s\">Nos prestations effectu\u00e9es\n\n<\/span><\/h2>\n<\/section>\t\t\t\t\t\t\t\t<\/div>\n\t\t\t\t\t<\/div>\n\t\t\t\t<\/div>\n\t\t<div class=\"elementor-element elementor-element-45778861 e-con-full e-flex e-con e-parent\" data-id=\"45778861\" data-element_type=\"container\" data-e-type=\"container\">\n\t\t\t\t<div class=\"elementor-element elementor-element-2c171d4 elementor-widget elementor-widget-text-editor\" data-id=\"2c171d4\" data-element_type=\"widget\" data-e-type=\"widget\" data-widget_type=\"text-editor.default\">\n\t\t\t\t\t\t\t\t\t<div class=\"row text-center align-items-center mt-4\">\n        <div class=\"col-lg-3 col-md-4 col-sm-12 encadre-link\">\n          <a href=\"electro-repulsion.php\" class=\"service mt-4 pl-2 pr-2\">\n            <h4 class=\"text-uppercase text-black text-center font-title\">L\u2019\u00e9lectro-<br>r\u00e9pulsion\u00ae<\/h4>\n            <!-- <button data-toggle=\"modal\" data-target=\"#exampleModal\" class=\"btn-grad d-flex img-center desktop\">Nous contacter<\/button> -->\n            \n            <!-- <a href=\"tel:01 40 86 00 00\" class=\"btn-grad d-flex img-center mobile\">Nous contacter<\/a> -->\n          <\/a>\n          <!-- <a data-toggle=\"modal\" data-target=\"#modalServices\"><button onclick=\"myFunction5()\" class=\"btn-grad d-flex mx-auto nosServices\">Nous contacter<\/button><\/a> -->\n        <\/div>\n        <div class=\"col-lg-3 col-md-4 col-sm-12 encadre-link\">\n          <a href=\"solutions-picots-solupic.php\" class=\"service mt-4 pl-2 pr-2\">\n            <h4 class=\"text-uppercase text-black text-center font-title\">Les picots <br>anti-pigeons Solupic<\/h4>\n            <!-- <button data-toggle=\"modal\" data-target=\"#exampleModal\" class=\"btn-grad d-flex img-center desktop\">Nous contacter<\/button> -->\n            \n            <!-- <a href=\"tel:01 40 86 00 00\" class=\"btn-grad d-flex img-center mobile\">Nous contacter<\/a> -->\n          <\/a>\n          <!-- <a data-toggle=\"modal\" data-target=\"#modalServices\"><button onclick=\"myFunction6()\" class=\"btn-grad d-flex mx-auto nosServices\">Nous contacter<\/button><\/a> -->\n        <\/div>\n        <div class=\"col-lg-3 col-md-4 col-sm-12 encadre-link\">\n          <a href=\"solutions-fil-tendu-anti-pigeon.php\" class=\"service mt-4 pl-2 pr-2\">\n            <h4 class=\"text-uppercase text-black text-center font-title\">Le fil tendu<br> anti-pigeon<\/h4>\n            <!-- <button data-toggle=\"modal\" data-target=\"#exampleModal\" class=\"btn-grad d-flex img-center desktop\">Nous contacter<\/button> -->\n           \n            <!-- <a href=\"tel:01 40 86 00 00\" class=\"btn-grad d-flex img-center mobile\">Nous contacter<\/a> -->\n          <\/a>\n          <!-- <a data-toggle=\"modal\" data-target=\"#modalServices\"><button onclick=\"myFunction7()\" class=\"btn-grad d-flex mx-auto nosServices\">Nous contacter<\/button><\/a> -->\n        <\/div>\n        <div class=\"col-lg-3 col-md-4 col-sm-12 encadre-link\">\n          <a href=\"solutions-treillis-et-filets-anti-pigeons.php\" class=\"service mt-4 pl-2 pr-2\">\n            <h4 class=\"text-uppercase text-black text-center font-title\">Les treillis et<br>filets anti-pigeons<\/h4>\n            <!-- <button data-toggle=\"modal\" data-target=\"#exampleModal\" class=\"btn-grad d-flex img-center desktop\">Nous contacter<\/button> -->\n            \n            <!-- <a href=\"tel:01 40 86 00 00\" class=\"btn-grad d-flex img-center mobile\">Nous contacter<\/a> -->\n          <\/a>\n          <!-- <a data-toggle=\"modal\" data-target=\"#modalServices\"><button onclick=\"myFunction9()\" class=\"btn-grad d-flex mx-auto nosServices\">Nous contacter<\/button><\/a> -->\n        <\/div>\n        <div class=\"col-lg-3 col-md-4 col-sm-12 encadre-link\">\n          <a href=\"solutions-effaroucheur-industriel.php\" class=\"service mt-4 pl-2 pr-2\">\n            <h4 class=\"text-uppercase text-black text-center font-title\">L\u2019effaroucheur<br> industriel<\/h4>\n            <!-- <button data-toggle=\"modal\" data-target=\"#exampleModal\" class=\"btn-grad d-flex img-center desktop\">Nous contacter<\/button> -->\n            \n            <!-- <a href=\"tel:01 40 86 00 00\" class=\"btn-grad d-flex img-center mobile\">Nous contacter<\/a> -->\n          <\/a>\n          <!-- <a data-toggle=\"modal\" data-target=\"#modalServices\"><button onclick=\"myFunction12()\" class=\"btn-grad d-flex mx-auto nosServices\">Nous contacter<\/button><\/a> -->\n        <\/div>\n      <\/div>\t\t\t\t\t\t\t\t<\/div>\n\t\t\t\t<\/div>\n\t\t<div class=\"elementor-element elementor-element-024b107 e-flex e-con-boxed e-con e-parent\" data-id=\"024b107\" data-element_type=\"container\" data-e-type=\"container\">\n\t\t\t\t\t<div class=\"e-con-inner\">\n\t\t\t\t<div class=\"elementor-element elementor-element-521b14b elementor-widget elementor-widget-heading\" data-id=\"521b14b\" data-element_type=\"widget\" data-e-type=\"widget\" data-widget_type=\"heading.default\">\n\t\t\t\t\t<h2 class=\"elementor-heading-title elementor-size-default\">Ajoutez votre titre ici<\/h2>\t\t\t\t<\/div>\n\t\t\t\t\t<\/div>\n\t\t\t\t<\/div>\n\t\t\t\t<\/div>\n\t\t","protected":false},"excerpt":{"rendered":"<p>Immeubles et maisons individuelles Pigeon-Propre\u00ae plus de 4000 r\u00e9f\u00e9rences dans toute la France m\u00e9tropolitaine et l\u2019Outremer, en Belgique, Allemagne, Suisse, Italie, Espagne, Portugal, Afrique du Nord, Am\u00e9rique du Sud, Moyen Orient, Polyn\u00e9sie etc.. \u00a0\u00a0\u00a0\u00a0\u00a0\u00a0Nos services 01 43 97 48 61 Besoin d&rsquo;un devis Immeubles et maisons individuelles &nbsp; Des pigeons d\u00e9gradent votre bien et polluent&hellip;<\/p>\n","protected":false},"author":1,"featured_media":0,"parent":0,"menu_order":0,"comment_status":"closed","ping_status":"closed","template":"elementor_header_footer","meta":{"footnotes":""},"class_list":["post-284","page","type-page","status-publish","hentry"],"_links":{"self":[{"href":"https:\/\/pigeons-propres.fr\/index.php\/wp-json\/wp\/v2\/pages\/284","targetHints":{"allow":["GET"]}}],"collection":[{"href":"https:\/\/pigeons-propres.fr\/index.php\/wp-json\/wp\/v2\/pages"}],"about":[{"href":"https:\/\/pigeons-propres.fr\/index.php\/wp-json\/wp\/v2\/types\/page"}],"author":[{"embeddable":true,"href":"https:\/\/pigeons-propres.fr\/index.php\/wp-json\/wp\/v2\/users\/1"}],"replies":[{"embeddable":true,"href":"https:\/\/pigeons-propres.fr\/index.php\/wp-json\/wp\/v2\/comments?post=284"}],"version-history":[{"count":4,"href":"https:\/\/pigeons-propres.fr\/index.php\/wp-json\/wp\/v2\/pages\/284\/revisions"}],"predecessor-version":[{"id":289,"href":"https:\/\/pigeons-propres.fr\/index.php\/wp-json\/wp\/v2\/pages\/284\/revisions\/289"}],"wp:attachment":[{"href":"https:\/\/pigeons-propres.fr\/index.php\/wp-json\/wp\/v2\/media?parent=284"}],"curies":[{"name":"wp","href":"https:\/\/api.w.org\/{rel}","templated":true}]}}