{"id":261,"date":"2026-01-22T14:51:16","date_gmt":"2026-01-22T14:51:16","guid":{"rendered":"https:\/\/preprod-pigeon.goldenmarket-tn.com\/?page_id=261"},"modified":"2026-01-22T15:22:31","modified_gmt":"2026-01-22T15:22:31","slug":"sites-commerciaux-et-industriels","status":"publish","type":"page","link":"https:\/\/pigeons-propres.fr\/index.php\/sites-commerciaux-et-industriels\/","title":{"rendered":"Sites commerciaux et industriels"},"content":{"rendered":"\t\t<div data-elementor-type=\"wp-page\" data-elementor-id=\"261\" class=\"elementor elementor-261\">\n\t\t\t\t<div class=\"elementor-element elementor-element-7d43eb52 e-con-full e-flex e-con e-parent\" data-id=\"7d43eb52\" data-element_type=\"container\" data-e-type=\"container\">\n\t\t<div class=\"elementor-element elementor-element-2f3848 e-con-full e-flex e-con e-child\" data-id=\"2f3848\" data-element_type=\"container\" data-e-type=\"container\" data-settings=\"{&quot;background_background&quot;:&quot;classic&quot;}\">\n\t\t\t\t<div class=\"elementor-element elementor-element-77bfd4e elementor-widget elementor-widget-text-editor\" data-id=\"77bfd4e\" data-element_type=\"widget\" data-e-type=\"widget\" data-widget_type=\"text-editor.default\">\n\t\t\t\t\t\t\t\t\t<section class=\"hero-electro\"><div class=\"container\"><div class=\"row align-items-center pl-md-3 pr-md-3\"><div class=\"col-md-12\"><h1 class=\"text-white\">Sites commerciaux et industriels<\/h1><p class=\"text-white mt-3 fs-24\">Pigeon-Propre\u00ae plus de 4000 r\u00e9f\u00e9rences dans toute la France m\u00e9tropolitaine et l\u2019Outremer, en Belgique, Allemagne, Suisse, Italie, Espagne, Portugal, Afrique du Nord, Am\u00e9rique du Sud, Moyen Orient, Polyn\u00e9sie etc..<\/p><div class=\"row mt-4\">\u00a0<\/div><div class=\"row mt-4\">\u00a0<\/div><div class=\"row mt-4\">\u00a0<\/div><div class=\"row mt-4\">\u00a0<\/div><div class=\"row mt-4\">\u00a0<\/div><div class=\"row mt-4\">\u00a0<\/div><div class=\"row mt-4\" style=\"display: flex; justify-content: center;\"><a href=\"index.php#service\"><button class=\"btn-grad d-flex\">Nos services<\/button><\/a> <a href=\"https:\/\/web.archive.org\/web\/20240421053052\/tel:+33143974861\"><button class=\"btn-grad-2 d-flex\">01 43 97 48 61<\/button><\/a> <button class=\"btn-grad-2 btnForm\" type=\"button\" data-toggle=\"modal\" data-target=\"#exampleModal1\">Besoin d&rsquo;un devis<\/button><\/div><\/div><\/div><\/div><\/section>\t\t\t\t\t\t\t\t<\/div>\n\t\t\t\t<\/div>\n\t\t\t\t<\/div>\n\t\t<div class=\"elementor-element elementor-element-3b39b977 e-flex e-con-boxed e-con e-parent\" data-id=\"3b39b977\" data-element_type=\"container\" data-e-type=\"container\" data-settings=\"{&quot;background_background&quot;:&quot;classic&quot;}\">\n\t\t\t\t\t<div class=\"e-con-inner\">\n\t\t\t\t<div class=\"elementor-element elementor-element-16995247 elementor-widget elementor-widget-text-editor\" data-id=\"16995247\" data-element_type=\"widget\" data-e-type=\"widget\" data-widget_type=\"text-editor.default\">\n\t\t\t\t\t\t\t\t\t<section class=\"bandeau-titre\">\n<h2 class=\"text-center\" style=\"border: 4px #0682F5; border-left-style: solid; padding-left: 20px;\"><span class=\"b-r-s\">Sites commerciaux et industriels\n<\/span><\/h2>\n&nbsp;\n\n<\/section>\t\t\t\t\t\t\t\t<\/div>\n\t\t\t\t\t<\/div>\n\t\t\t\t<\/div>\n\t\t<div class=\"elementor-element elementor-element-1534c86d e-flex e-con-boxed e-con e-parent\" data-id=\"1534c86d\" data-element_type=\"container\" data-e-type=\"container\" data-settings=\"{&quot;background_background&quot;:&quot;classic&quot;}\">\n\t\t\t\t\t<div class=\"e-con-inner\">\n\t\t\t\t<div class=\"elementor-element elementor-element-5b581fb2 elementor-widget elementor-widget-text-editor\" data-id=\"5b581fb2\" data-element_type=\"widget\" data-e-type=\"widget\" data-widget_type=\"text-editor.default\">\n\t\t\t\t\t\t\t\t\t<section class=\"bandeau-titre\">\n<h2 class=\"text-center\" style=\"border: 4px #0682F5; border-left-style: solid; padding-left: 20px;\"><span class=\"b-r-s\">Nos prestations effectu\u00e9es\n<\/span><\/h2>\n&nbsp;\n\n<\/section>\t\t\t\t\t\t\t\t<\/div>\n\t\t\t\t\t<\/div>\n\t\t\t\t<\/div>\n\t\t<div class=\"elementor-element elementor-element-60d3aa7e e-con-full e-flex e-con e-parent\" data-id=\"60d3aa7e\" data-element_type=\"container\" data-e-type=\"container\">\n\t\t\t\t<div class=\"elementor-element elementor-element-67f380df elementor-widget elementor-widget-text-editor\" data-id=\"67f380df\" data-element_type=\"widget\" data-e-type=\"widget\" data-widget_type=\"text-editor.default\">\n\t\t\t\t\t\t\t\t\t<div class=\"row text-center align-items-center mt-4\">\n        <div class=\"col-lg-3 col-md-4 col-sm-12 encadre-link\">\n          <a href=\"electro-repulsion.php\" class=\"service mt-4 pl-2 pr-2\">\n            <h4 class=\"text-uppercase text-black text-center font-title\">L\u2019\u00e9lectro-<br>r\u00e9pulsion\u00ae<\/h4>\n            <!-- <button data-toggle=\"modal\" data-target=\"#exampleModal\" class=\"btn-grad d-flex img-center desktop\">Nous contacter<\/button> -->\n            \n            <!-- <a href=\"tel:01 40 86 00 00\" class=\"btn-grad d-flex img-center mobile\">Nous contacter<\/a> -->\n          <\/a>\n          <!-- <a data-toggle=\"modal\" data-target=\"#modalServices\"><button onclick=\"myFunction5()\" class=\"btn-grad d-flex mx-auto nosServices\">Nous contacter<\/button><\/a> -->\n        <\/div>\n        <div class=\"col-lg-3 col-md-4 col-sm-12 encadre-link\">\n          <a href=\"solutions-picots-solupic.php\" class=\"service mt-4 pl-2 pr-2\">\n            <h4 class=\"text-uppercase text-black text-center font-title\">Les picots <br>anti-pigeons Solupic<\/h4>\n            <!-- <button data-toggle=\"modal\" data-target=\"#exampleModal\" class=\"btn-grad d-flex img-center desktop\">Nous contacter<\/button> -->\n            \n            <!-- <a href=\"tel:01 40 86 00 00\" class=\"btn-grad d-flex img-center mobile\">Nous contacter<\/a> -->\n          <\/a>\n          <!-- <a data-toggle=\"modal\" data-target=\"#modalServices\"><button onclick=\"myFunction6()\" class=\"btn-grad d-flex mx-auto nosServices\">Nous contacter<\/button><\/a> -->\n        <\/div>\n        <div class=\"col-lg-3 col-md-4 col-sm-12 encadre-link\">\n          <a href=\"solutions-fil-tendu-anti-pigeon.php\" class=\"service mt-4 pl-2 pr-2\">\n            <h4 class=\"text-uppercase text-black text-center font-title\">Le fil tendu<br> anti-pigeon<\/h4>\n            <!-- <button data-toggle=\"modal\" data-target=\"#exampleModal\" class=\"btn-grad d-flex img-center desktop\">Nous contacter<\/button> -->\n           \n            <!-- <a href=\"tel:01 40 86 00 00\" class=\"btn-grad d-flex img-center mobile\">Nous contacter<\/a> -->\n          <\/a>\n          <!-- <a data-toggle=\"modal\" data-target=\"#modalServices\"><button onclick=\"myFunction7()\" class=\"btn-grad d-flex mx-auto nosServices\">Nous contacter<\/button><\/a> -->\n        <\/div>\n        <div class=\"col-lg-3 col-md-4 col-sm-12 encadre-link\">\n          <a href=\"solutions-treillis-et-filets-anti-pigeons.php\" class=\"service mt-4 pl-2 pr-2\">\n            <h4 class=\"text-uppercase text-black text-center font-title\">Les treillis et<br>filets anti-pigeons<\/h4>\n            <!-- <button data-toggle=\"modal\" data-target=\"#exampleModal\" class=\"btn-grad d-flex img-center desktop\">Nous contacter<\/button> -->\n            \n            <!-- <a href=\"tel:01 40 86 00 00\" class=\"btn-grad d-flex img-center mobile\">Nous contacter<\/a> -->\n          <\/a>\n          <!-- <a data-toggle=\"modal\" data-target=\"#modalServices\"><button onclick=\"myFunction9()\" class=\"btn-grad d-flex mx-auto nosServices\">Nous contacter<\/button><\/a> -->\n        <\/div>\n<div class=\"col-lg-3 col-md-4 col-sm-12 encadre-link\">\n          <a href=\"solutions-cage-a-capture.php\" class=\"service mt-4 pl-2 pr-2\">\n            <h4 class=\"text-uppercase text-black text-center font-title\">La cage<br> \u00e0 capture<\/h4>\n            <!-- <button data-toggle=\"modal\" data-target=\"#exampleModal\" class=\"btn-grad d-flex img-center desktop\">Nous contacter<\/button> -->\n            \n            <!-- <a href=\"tel:01 40 86 00 00\" class=\"btn-grad d-flex img-center mobile\">Nous contacter<\/a> -->\n          <\/a>\n          <!-- <a data-toggle=\"modal\" data-target=\"#modalServices\"><button onclick=\"myFunction11()\" class=\"btn-grad d-flex mx-auto nosServices\">Nous contacter<\/button><\/a> -->\n        <\/div>\n        <div class=\"col-lg-3 col-md-4 col-sm-12 encadre-link\">\n          <a href=\"solutions-effaroucheur-industriel.php\" class=\"service mt-4 pl-2 pr-2\">\n            <h4 class=\"text-uppercase text-black text-center font-title\">L\u2019effaroucheur<br> industriel<\/h4>\n            <!-- <button data-toggle=\"modal\" data-target=\"#exampleModal\" class=\"btn-grad d-flex img-center desktop\">Nous contacter<\/button> -->\n            \n            <!-- <a href=\"tel:01 40 86 00 00\" class=\"btn-grad d-flex img-center mobile\">Nous contacter<\/a> -->\n          <\/a>\n  \n        <\/div>\n      <\/div>\t\t\t\t\t\t\t\t<\/div>\n\t\t\t\t<\/div>\n\t\t<div class=\"elementor-element elementor-element-773e23af e-con-full e-flex e-con e-parent\" data-id=\"773e23af\" data-element_type=\"container\" data-e-type=\"container\">\n\t\t\t\t<div class=\"elementor-element elementor-element-75d149b2 elementor-widget elementor-widget-text-editor\" data-id=\"75d149b2\" data-element_type=\"widget\" data-e-type=\"widget\" data-widget_type=\"text-editor.default\">\n\t\t\t\t\t\t\t\t\t<h3 class=\"mt-5\">Exemples de sites commerciaux prot\u00e9g\u00e9s par les syst\u00e8mes Pigeon Propre\u00ae<\/h3><section class=\"pt-5 pb-3\"><div class=\"container\"><div class=\"row align-items-center\"><div class=\"col-12 mt-3\"><p>Pigeon Propre\u00ae propose des solutions adapt\u00e9es\u00a0<strong>anti-pigeon<\/strong>, ou autres volatiles, pour les Centres Commerciaux, les CHR (h\u00f4tels, restaurants, caf\u00e9s\u2026), les entrep\u00f4ts, les sites de production, les sites de stockage, les locaux commerciaux\u2026<\/p><p>Nous travaillons en \u00e9troite collaboration avec les architectes, les bureaux d\u2019ing\u00e9nieries, les services techniques et\/ou de maintenance dans le respect des r\u00e8gles de s\u00e9curit\u00e9 et d\u2019esth\u00e9tique.<\/p><p>Toute probl\u00e9matique a une solution\u2026<\/p><p>Fort de notre exp\u00e9rience et de l\u2019\u00e9ventail de nos solutions, nous \u00e9tudierons avec vous une solution adapt\u00e9e.<\/p><\/div><\/div><\/div><\/section>\t\t\t\t\t\t\t\t<\/div>\n\t\t\t\t<\/div>\n\t\t\t\t<\/div>\n\t\t","protected":false},"excerpt":{"rendered":"<p>Sites commerciaux et industriels Pigeon-Propre\u00ae plus de 4000 r\u00e9f\u00e9rences dans toute la France m\u00e9tropolitaine et l\u2019Outremer, en Belgique, Allemagne, Suisse, Italie, Espagne, Portugal, Afrique du Nord, Am\u00e9rique du Sud, Moyen Orient, Polyn\u00e9sie etc.. \u00a0\u00a0\u00a0\u00a0\u00a0\u00a0Nos services 01 43 97 48 61 Besoin d&rsquo;un devis Sites commerciaux et industriels &nbsp; Nos prestations effectu\u00e9es &nbsp; L\u2019\u00e9lectro-r\u00e9pulsion\u00ae Les picots&hellip;<\/p>\n","protected":false},"author":1,"featured_media":0,"parent":0,"menu_order":0,"comment_status":"closed","ping_status":"closed","template":"elementor_header_footer","meta":{"footnotes":""},"class_list":["post-261","page","type-page","status-publish","hentry"],"_links":{"self":[{"href":"https:\/\/pigeons-propres.fr\/index.php\/wp-json\/wp\/v2\/pages\/261","targetHints":{"allow":["GET"]}}],"collection":[{"href":"https:\/\/pigeons-propres.fr\/index.php\/wp-json\/wp\/v2\/pages"}],"about":[{"href":"https:\/\/pigeons-propres.fr\/index.php\/wp-json\/wp\/v2\/types\/page"}],"author":[{"embeddable":true,"href":"https:\/\/pigeons-propres.fr\/index.php\/wp-json\/wp\/v2\/users\/1"}],"replies":[{"embeddable":true,"href":"https:\/\/pigeons-propres.fr\/index.php\/wp-json\/wp\/v2\/comments?post=261"}],"version-history":[{"count":16,"href":"https:\/\/pigeons-propres.fr\/index.php\/wp-json\/wp\/v2\/pages\/261\/revisions"}],"predecessor-version":[{"id":283,"href":"https:\/\/pigeons-propres.fr\/index.php\/wp-json\/wp\/v2\/pages\/261\/revisions\/283"}],"wp:attachment":[{"href":"https:\/\/pigeons-propres.fr\/index.php\/wp-json\/wp\/v2\/media?parent=261"}],"curies":[{"name":"wp","href":"https:\/\/api.w.org\/{rel}","templated":true}]}}