{"id":231,"date":"2026-01-22T09:44:16","date_gmt":"2026-01-22T09:44:16","guid":{"rendered":"https:\/\/preprod-pigeon.goldenmarket-tn.com\/?page_id=231"},"modified":"2026-01-22T10:53:53","modified_gmt":"2026-01-22T10:53:53","slug":"monuments-historiques","status":"publish","type":"page","link":"https:\/\/pigeons-propres.fr\/index.php\/monuments-historiques\/","title":{"rendered":"Monuments historiques"},"content":{"rendered":"\t\t<div data-elementor-type=\"wp-page\" data-elementor-id=\"231\" class=\"elementor elementor-231\">\n\t\t\t\t<div class=\"elementor-element elementor-element-4395786 e-con-full e-flex e-con e-parent\" data-id=\"4395786\" data-element_type=\"container\" data-e-type=\"container\">\n\t\t<div class=\"elementor-element elementor-element-2f1ff48 e-con-full e-flex e-con e-child\" data-id=\"2f1ff48\" data-element_type=\"container\" data-e-type=\"container\" data-settings=\"{&quot;background_background&quot;:&quot;classic&quot;}\">\n\t\t\t\t<div class=\"elementor-element elementor-element-add7438 elementor-widget elementor-widget-text-editor\" data-id=\"add7438\" data-element_type=\"widget\" data-e-type=\"widget\" data-widget_type=\"text-editor.default\">\n\t\t\t\t\t\t\t\t\t<section class=\"hero-electro\"><div class=\"container\"><div class=\"row align-items-center pl-md-3 pr-md-3\"><div class=\"col-md-12\"><h1 class=\"text-white\">Monuments historiques<\/h1><p class=\"text-white mt-3 fs-24\">Pigeon-Propre\u00ae plus de 4000 r\u00e9f\u00e9rences dans toute la France m\u00e9tropolitaine et l\u2019Outremer, en Belgique, Allemagne, Suisse, Italie, Espagne, Portugal, Afrique du Nord, Am\u00e9rique du Sud, Moyen Orient, Polyn\u00e9sie etc..<\/p><div class=\"row mt-4\">\u00a0<\/div><div class=\"row mt-4\">\u00a0<\/div><div class=\"row mt-4\">\u00a0<\/div><div class=\"row mt-4\">\u00a0<\/div><div class=\"row mt-4\" style=\"display: flex; justify-content: center;\"><a href=\"index.php#service\"><button class=\"btn-grad d-flex\">Nos services<\/button><\/a> <a href=\"https:\/\/web.archive.org\/web\/20240421053052\/tel:+33143974861\"><button class=\"btn-grad-2 d-flex\">01 43 97 48 61<\/button><\/a> <button class=\"btn-grad-2 btnForm\" type=\"button\" data-toggle=\"modal\" data-target=\"#exampleModal1\">Besoin d&rsquo;un devis<\/button><\/div><\/div><\/div><\/div><\/section>\t\t\t\t\t\t\t\t<\/div>\n\t\t\t\t<\/div>\n\t\t\t\t<\/div>\n\t\t<div class=\"elementor-element elementor-element-9c4b111 e-flex e-con-boxed e-con e-parent\" data-id=\"9c4b111\" data-element_type=\"container\" data-e-type=\"container\" data-settings=\"{&quot;background_background&quot;:&quot;classic&quot;}\">\n\t\t\t\t\t<div class=\"e-con-inner\">\n\t\t\t\t<div class=\"elementor-element elementor-element-3070116 elementor-widget elementor-widget-text-editor\" data-id=\"3070116\" data-element_type=\"widget\" data-e-type=\"widget\" data-widget_type=\"text-editor.default\">\n\t\t\t\t\t\t\t\t\t<section class=\"bandeau-titre\">\n<h2 class=\"text-center\" style=\"border: 4px #0682F5; border-left-style: solid; padding-left: 20px;\"><span class=\"b-r-s\">Monuments historiques Ile de France\n <\/span><\/h2>\n<\/section>\t\t\t\t\t\t\t\t<\/div>\n\t\t\t\t\t<\/div>\n\t\t\t\t<\/div>\n\t\t<div class=\"elementor-element elementor-element-603018b e-flex e-con-boxed e-con e-parent\" data-id=\"603018b\" data-element_type=\"container\" data-e-type=\"container\" data-settings=\"{&quot;background_background&quot;:&quot;classic&quot;}\">\n\t\t\t\t\t<div class=\"e-con-inner\">\n\t\t\t\t<div class=\"elementor-element elementor-element-99d7b1e elementor-widget elementor-widget-text-editor\" data-id=\"99d7b1e\" data-element_type=\"widget\" data-e-type=\"widget\" data-widget_type=\"text-editor.default\">\n\t\t\t\t\t\t\t\t\t<section class=\"bandeau-titre\">\n<h2 class=\"text-center\" style=\"border: 4px #0682F5; border-left-style: solid; padding-left: 20px;\"><span class=\"b-r-s\">Nos prestations effectu\u00e9es\n <\/span><\/h2>\n<\/section>\t\t\t\t\t\t\t\t<\/div>\n\t\t\t\t\t<\/div>\n\t\t\t\t<\/div>\n\t\t<div class=\"elementor-element elementor-element-bcd8c22 e-con-full e-flex e-con e-parent\" data-id=\"bcd8c22\" data-element_type=\"container\" data-e-type=\"container\">\n\t\t\t\t<div class=\"elementor-element elementor-element-f0a894e elementor-widget elementor-widget-text-editor\" data-id=\"f0a894e\" data-element_type=\"widget\" data-e-type=\"widget\" data-widget_type=\"text-editor.default\">\n\t\t\t\t\t\t\t\t\t<div class=\"row text-center align-items-center mt-4\">\n        <div class=\"col-lg-3 col-md-4 col-sm-12 encadre-link\">\n          <a href=\"electro-repulsion.php\" class=\"service mt-4 pl-2 pr-2\">\n            <h4 class=\"text-uppercase text-black text-center font-title\">L\u2019\u00e9lectro-<br>r\u00e9pulsion\u00ae<\/h4>\n            <!-- <button data-toggle=\"modal\" data-target=\"#exampleModal\" class=\"btn-grad d-flex img-center desktop\">Nous contacter<\/button> -->\n            \n            <!-- <a href=\"tel:01 40 86 00 00\" class=\"btn-grad d-flex img-center mobile\">Nous contacter<\/a> -->\n          <\/a>\n          <!-- <a data-toggle=\"modal\" data-target=\"#modalServices\"><button onclick=\"myFunction5()\" class=\"btn-grad d-flex mx-auto nosServices\">Nous contacter<\/button><\/a> -->\n        <\/div>\n        <div class=\"col-lg-3 col-md-4 col-sm-12 encadre-link\">\n          <a href=\"solutions-picots-solupic.php\" class=\"service mt-4 pl-2 pr-2\">\n            <h4 class=\"text-uppercase text-black text-center font-title\">Les picots <br>anti-pigeons Solupic<\/h4>\n            <!-- <button data-toggle=\"modal\" data-target=\"#exampleModal\" class=\"btn-grad d-flex img-center desktop\">Nous contacter<\/button> -->\n            \n            <!-- <a href=\"tel:01 40 86 00 00\" class=\"btn-grad d-flex img-center mobile\">Nous contacter<\/a> -->\n          <\/a>\n          <!-- <a data-toggle=\"modal\" data-target=\"#modalServices\"><button onclick=\"myFunction6()\" class=\"btn-grad d-flex mx-auto nosServices\">Nous contacter<\/button><\/a> -->\n        <\/div>\n        <div class=\"col-lg-3 col-md-4 col-sm-12 encadre-link\">\n          <a href=\"solutions-fil-tendu-anti-pigeon.php\" class=\"service mt-4 pl-2 pr-2\">\n            <h4 class=\"text-uppercase text-black text-center font-title\">Le fil tendu<br> anti-pigeon<\/h4>\n            <!-- <button data-toggle=\"modal\" data-target=\"#exampleModal\" class=\"btn-grad d-flex img-center desktop\">Nous contacter<\/button> -->\n           \n            <!-- <a href=\"tel:01 40 86 00 00\" class=\"btn-grad d-flex img-center mobile\">Nous contacter<\/a> -->\n          <\/a>\n          <!-- <a data-toggle=\"modal\" data-target=\"#modalServices\"><button onclick=\"myFunction7()\" class=\"btn-grad d-flex mx-auto nosServices\">Nous contacter<\/button><\/a> -->\n        <\/div>\n        <div class=\"col-lg-3 col-md-4 col-sm-12 encadre-link\">\n          <a href=\"solutions-treillis-et-filets-anti-pigeons.php\" class=\"service mt-4 pl-2 pr-2\">\n            <h4 class=\"text-uppercase text-black text-center font-title\">Les treillis et<br>filets anti-pigeons<\/h4>\n            <!-- <button data-toggle=\"modal\" data-target=\"#exampleModal\" class=\"btn-grad d-flex img-center desktop\">Nous contacter<\/button> -->\n            \n            <!-- <a href=\"tel:01 40 86 00 00\" class=\"btn-grad d-flex img-center mobile\">Nous contacter<\/a> -->\n          <\/a>\n          <!-- <a data-toggle=\"modal\" data-target=\"#modalServices\"><button onclick=\"myFunction9()\" class=\"btn-grad d-flex mx-auto nosServices\">Nous contacter<\/button><\/a> -->\n        <\/div>\n        <div class=\"col-lg-3 col-md-4 col-sm-12 encadre-link\">\n          <a href=\"solutions-effaroucheur-industriel.php\" class=\"service mt-4 pl-2 pr-2\">\n            <h4 class=\"text-uppercase text-black text-center font-title\">L\u2019effaroucheur<br> industriel<\/h4>\n            <!-- <button data-toggle=\"modal\" data-target=\"#exampleModal\" class=\"btn-grad d-flex img-center desktop\">Nous contacter<\/button> -->\n            \n            <!-- <a href=\"tel:01 40 86 00 00\" class=\"btn-grad d-flex img-center mobile\">Nous contacter<\/a> -->\n          <\/a>\n          <!-- <a data-toggle=\"modal\" data-target=\"#modalServices\"><button onclick=\"myFunction12()\" class=\"btn-grad d-flex mx-auto nosServices\">Nous contacter<\/button><\/a> -->\n        <\/div>\n      <\/div>\t\t\t\t\t\t\t\t<\/div>\n\t\t\t\t<\/div>\n\t\t\t\t<\/div>\n\t\t","protected":false},"excerpt":{"rendered":"<p>Monuments historiques Pigeon-Propre\u00ae plus de 4000 r\u00e9f\u00e9rences dans toute la France m\u00e9tropolitaine et l\u2019Outremer, en Belgique, Allemagne, Suisse, Italie, Espagne, Portugal, Afrique du Nord, Am\u00e9rique du Sud, Moyen Orient, Polyn\u00e9sie etc.. \u00a0\u00a0\u00a0\u00a0Nos services 01 43 97 48 61 Besoin d&rsquo;un devis Monuments historiques Ile de France Nos prestations effectu\u00e9es L\u2019\u00e9lectro-r\u00e9pulsion\u00ae Les picots anti-pigeons Solupic Le&hellip;<\/p>\n","protected":false},"author":1,"featured_media":0,"parent":0,"menu_order":0,"comment_status":"closed","ping_status":"closed","template":"elementor_header_footer","meta":{"footnotes":""},"class_list":["post-231","page","type-page","status-publish","hentry"],"_links":{"self":[{"href":"https:\/\/pigeons-propres.fr\/index.php\/wp-json\/wp\/v2\/pages\/231","targetHints":{"allow":["GET"]}}],"collection":[{"href":"https:\/\/pigeons-propres.fr\/index.php\/wp-json\/wp\/v2\/pages"}],"about":[{"href":"https:\/\/pigeons-propres.fr\/index.php\/wp-json\/wp\/v2\/types\/page"}],"author":[{"embeddable":true,"href":"https:\/\/pigeons-propres.fr\/index.php\/wp-json\/wp\/v2\/users\/1"}],"replies":[{"embeddable":true,"href":"https:\/\/pigeons-propres.fr\/index.php\/wp-json\/wp\/v2\/comments?post=231"}],"version-history":[{"count":10,"href":"https:\/\/pigeons-propres.fr\/index.php\/wp-json\/wp\/v2\/pages\/231\/revisions"}],"predecessor-version":[{"id":255,"href":"https:\/\/pigeons-propres.fr\/index.php\/wp-json\/wp\/v2\/pages\/231\/revisions\/255"}],"wp:attachment":[{"href":"https:\/\/pigeons-propres.fr\/index.php\/wp-json\/wp\/v2\/media?parent=231"}],"curies":[{"name":"wp","href":"https:\/\/api.w.org\/{rel}","templated":true}]}}