{"id":215,"date":"2026-01-22T09:37:56","date_gmt":"2026-01-22T09:37:56","guid":{"rendered":"https:\/\/preprod-pigeon.goldenmarket-tn.com\/?page_id=215"},"modified":"2026-01-22T09:39:05","modified_gmt":"2026-01-22T09:39:05","slug":"cage-a-capture","status":"publish","type":"page","link":"https:\/\/pigeons-propres.fr\/index.php\/cage-a-capture\/","title":{"rendered":"Cage \u00e0 capture"},"content":{"rendered":"\t\t<div data-elementor-type=\"wp-page\" data-elementor-id=\"215\" class=\"elementor elementor-215\">\n\t\t\t\t<div class=\"elementor-element elementor-element-ea4d588 e-con-full e-flex e-con e-parent\" data-id=\"ea4d588\" data-element_type=\"container\" data-e-type=\"container\">\n\t\t<div class=\"elementor-element elementor-element-4dd58ea e-con-full e-flex e-con e-child\" data-id=\"4dd58ea\" data-element_type=\"container\" data-e-type=\"container\" data-settings=\"{&quot;background_background&quot;:&quot;classic&quot;}\">\n\t\t\t\t<div class=\"elementor-element elementor-element-f5d25aa elementor-widget elementor-widget-text-editor\" data-id=\"f5d25aa\" data-element_type=\"widget\" data-e-type=\"widget\" data-widget_type=\"text-editor.default\">\n\t\t\t\t\t\t\t\t\t<section class=\"hero-electro\"><div class=\"container\"><div class=\"row align-items-center pl-md-3 pr-md-3\"><div class=\"col-md-12\"><h1 class=\"text-white\">Cage \u00e0 capture<\/h1><p class=\"text-white mt-3 fs-24\">PIGEON PROPRE\u00ae est l\u2019inventeur du syst\u00e8me d\u2019Electro-R\u00e9pulsion\u00ae et propri\u00e9taire de la marque d\u00e9pos\u00e9e Electro-r\u00e9pulsion\u00ae depuis 1996. Plus de 4000 r\u00e9f\u00e9rences en France et \u00e0 l\u2019International.<\/p><div class=\"row mt-4\">\u00a0<\/div><div class=\"row mt-4\">\u00a0<\/div><div class=\"row mt-4\">\u00a0<\/div><div class=\"row mt-4\">\u00a0<\/div><div class=\"row mt-4\" style=\"display: flex; justify-content: center;\"><a href=\"index.php#service\"><button class=\"btn-grad d-flex\">Nos services<\/button><\/a> <a href=\"https:\/\/web.archive.org\/web\/20240421053052\/tel:+33143974861\"><button class=\"btn-grad-2 d-flex\">01 43 97 48 61<\/button><\/a> <button class=\"btn-grad-2 btnForm\" type=\"button\" data-toggle=\"modal\" data-target=\"#exampleModal1\">Besoin d&rsquo;un devis<\/button><\/div><\/div><\/div><\/div><\/section>\t\t\t\t\t\t\t\t<\/div>\n\t\t\t\t<\/div>\n\t\t\t\t<\/div>\n\t\t<div class=\"elementor-element elementor-element-2f61df7 e-flex e-con-boxed e-con e-parent\" data-id=\"2f61df7\" data-element_type=\"container\" data-e-type=\"container\">\n\t\t\t\t\t<div class=\"e-con-inner\">\n\t\t<div class=\"elementor-element elementor-element-e0f8bfb e-con-full e-flex e-con e-child\" data-id=\"e0f8bfb\" data-element_type=\"container\" data-e-type=\"container\">\n\t\t\t\t<div class=\"elementor-element elementor-element-c82e000 elementor-widget elementor-widget-text-editor\" data-id=\"c82e000\" data-element_type=\"widget\" data-e-type=\"widget\" data-widget_type=\"text-editor.default\">\n\t\t\t\t\t\t\t\t\t<div class=\"col-md-6\"><h3>Principe<\/h3><p>La cage-pi\u00e8ge est une cage contenant, en son centre un pigeon-appeau ainsi que de la nourriture. Par un syst\u00e8me de trappe, les oiseaux qui sont entr\u00e9s ne peuvent plus ressortir.<\/p><h3>D\u00c9TAILS TECHNIQUES :<\/h3><ul><li>Dimensions : variable selon mod\u00e8le cylindrique ou rectangulaire.<\/li><li>Capacit\u00e9 de prise : 1 \u00e0 6 pigeons par jour.<\/li><li>Autonomie de 72 heures, avec un app\u00e2t positionn\u00e9 au centre du pi\u00e8ge.<\/li><li>Possibilit\u00e9 de capturer une moyenne de 80 pigeons par mois.<\/li><li>Mati\u00e8re : treillis soud\u00e9 inoxydable.<\/li><\/ul><\/div><div class=\"col-md-6\">\u00a0<\/div>\t\t\t\t\t\t\t\t<\/div>\n\t\t\t\t<\/div>\n\t\t<div class=\"elementor-element elementor-element-f2a729b e-con-full e-flex e-con e-child\" data-id=\"f2a729b\" data-element_type=\"container\" data-e-type=\"container\">\n\t\t\t\t<div class=\"elementor-element elementor-element-00a5e47 elementor-widget elementor-widget-text-editor\" data-id=\"00a5e47\" data-element_type=\"widget\" data-e-type=\"widget\" data-widget_type=\"text-editor.default\">\n\t\t\t\t\t\t\t\t\t<h3>Avantages<\/h3><ul><li>Co\u00fbt moindre,<\/li><li>Utilisation \u00e0 la port\u00e9e de tous.<\/li><\/ul><h3>Inconv\u00e9nients<\/h3><ul><li>Solution anti pigeon partielle,<\/li><li>Maintenance et reclassement des pigeons \u00e0 pr\u00e9voir.<\/li><\/ul>\t\t\t\t\t\t\t\t<\/div>\n\t\t\t\t<\/div>\n\t\t\t\t\t<\/div>\n\t\t\t\t<\/div>\n\t\t\t\t<\/div>\n\t\t","protected":false},"excerpt":{"rendered":"<p>Cage \u00e0 capture PIGEON PROPRE\u00ae est l\u2019inventeur du syst\u00e8me d\u2019Electro-R\u00e9pulsion\u00ae et propri\u00e9taire de la marque d\u00e9pos\u00e9e Electro-r\u00e9pulsion\u00ae depuis 1996. Plus de 4000 r\u00e9f\u00e9rences en France et \u00e0 l\u2019International. \u00a0\u00a0\u00a0\u00a0Nos services 01 43 97 48 61 Besoin d&rsquo;un devis Principe La cage-pi\u00e8ge est une cage contenant, en son centre un pigeon-appeau ainsi que de la nourriture.&hellip;<\/p>\n","protected":false},"author":1,"featured_media":0,"parent":0,"menu_order":0,"comment_status":"closed","ping_status":"closed","template":"elementor_header_footer","meta":{"footnotes":""},"class_list":["post-215","page","type-page","status-publish","hentry"],"_links":{"self":[{"href":"https:\/\/pigeons-propres.fr\/index.php\/wp-json\/wp\/v2\/pages\/215","targetHints":{"allow":["GET"]}}],"collection":[{"href":"https:\/\/pigeons-propres.fr\/index.php\/wp-json\/wp\/v2\/pages"}],"about":[{"href":"https:\/\/pigeons-propres.fr\/index.php\/wp-json\/wp\/v2\/types\/page"}],"author":[{"embeddable":true,"href":"https:\/\/pigeons-propres.fr\/index.php\/wp-json\/wp\/v2\/users\/1"}],"replies":[{"embeddable":true,"href":"https:\/\/pigeons-propres.fr\/index.php\/wp-json\/wp\/v2\/comments?post=215"}],"version-history":[{"count":7,"href":"https:\/\/pigeons-propres.fr\/index.php\/wp-json\/wp\/v2\/pages\/215\/revisions"}],"predecessor-version":[{"id":222,"href":"https:\/\/pigeons-propres.fr\/index.php\/wp-json\/wp\/v2\/pages\/215\/revisions\/222"}],"wp:attachment":[{"href":"https:\/\/pigeons-propres.fr\/index.php\/wp-json\/wp\/v2\/media?parent=215"}],"curies":[{"name":"wp","href":"https:\/\/api.w.org\/{rel}","templated":true}]}}