{"id":207,"date":"2026-01-22T09:35:32","date_gmt":"2026-01-22T09:35:32","guid":{"rendered":"https:\/\/preprod-pigeon.goldenmarket-tn.com\/?page_id=207"},"modified":"2026-01-22T09:36:54","modified_gmt":"2026-01-22T09:36:54","slug":"canon-lance-filets","status":"publish","type":"page","link":"https:\/\/pigeons-propres.fr\/index.php\/canon-lance-filets\/","title":{"rendered":"Canon lance-filets"},"content":{"rendered":"\t\t<div data-elementor-type=\"wp-page\" data-elementor-id=\"207\" class=\"elementor elementor-207\">\n\t\t\t\t<div class=\"elementor-element elementor-element-239e4ee e-con-full e-flex e-con e-parent\" data-id=\"239e4ee\" data-element_type=\"container\" data-e-type=\"container\">\n\t\t<div class=\"elementor-element elementor-element-3d625ce e-con-full e-flex e-con e-child\" data-id=\"3d625ce\" data-element_type=\"container\" data-e-type=\"container\" data-settings=\"{&quot;background_background&quot;:&quot;classic&quot;}\">\n\t\t\t\t<div class=\"elementor-element elementor-element-df9e598 elementor-widget elementor-widget-text-editor\" data-id=\"df9e598\" data-element_type=\"widget\" data-e-type=\"widget\" data-widget_type=\"text-editor.default\">\n\t\t\t\t\t\t\t\t\t<section class=\"hero-electro\"><div class=\"container\"><div class=\"row align-items-center pl-md-3 pr-md-3\"><div class=\"col-md-12\"><h1 class=\"text-white\">Canon lance-filets<\/h1><p class=\"text-white mt-3 fs-24\">PIGEON PROPRE\u00ae est l\u2019inventeur du syst\u00e8me d\u2019Electro-R\u00e9pulsion\u00ae et propri\u00e9taire de la marque d\u00e9pos\u00e9e Electro-r\u00e9pulsion\u00ae depuis 1996. Plus de 4000 r\u00e9f\u00e9rences en France et \u00e0 l\u2019International.<\/p><div class=\"row mt-4\">\u00a0<\/div><div class=\"row mt-4\">\u00a0<\/div><div class=\"row mt-4\">\u00a0<\/div><div class=\"row mt-4\">\u00a0<\/div><div class=\"row mt-4\" style=\"display: flex; justify-content: center;\"><a href=\"index.php#service\"><button class=\"btn-grad d-flex\">Nos services<\/button><\/a> <a href=\"https:\/\/web.archive.org\/web\/20240421053052\/tel:+33143974861\"><button class=\"btn-grad-2 d-flex\">01 43 97 48 61<\/button><\/a> <button class=\"btn-grad-2 btnForm\" type=\"button\" data-toggle=\"modal\" data-target=\"#exampleModal1\">Besoin d&rsquo;un devis<\/button><\/div><\/div><\/div><\/div><\/section>\t\t\t\t\t\t\t\t<\/div>\n\t\t\t\t<\/div>\n\t\t\t\t<\/div>\n\t\t<div class=\"elementor-element elementor-element-34a6111 e-flex e-con-boxed e-con e-parent\" data-id=\"34a6111\" data-element_type=\"container\" data-e-type=\"container\">\n\t\t\t\t\t<div class=\"e-con-inner\">\n\t\t<div class=\"elementor-element elementor-element-1b4df81 e-con-full e-flex e-con e-child\" data-id=\"1b4df81\" data-element_type=\"container\" data-e-type=\"container\">\n\t\t\t\t<div class=\"elementor-element elementor-element-f34b67b elementor-widget elementor-widget-text-editor\" data-id=\"f34b67b\" data-element_type=\"widget\" data-e-type=\"widget\" data-widget_type=\"text-editor.default\">\n\t\t\t\t\t\t\t\t\t<h3>Principe<\/h3><p>Le\u00a0<strong>canon lance-filet<\/strong>\u00a0est un dispositif qui permet de capturer plusieurs dizaines de pigeons en une seule fois.<\/p><p>Apr\u00e8s un app\u00e2tage r\u00e9gulier de quelques semaines, un lanc\u00e9 de filet est effectu\u00e9 sur les pigeons occup\u00e9s \u00e0 manger. Cette action peut \u00eatre r\u00e9p\u00e9t\u00e9e plusieurs fois dans diff\u00e9rentes zones d\u2019une ville.<\/p>\t\t\t\t\t\t\t\t<\/div>\n\t\t\t\t<\/div>\n\t\t<div class=\"elementor-element elementor-element-3d8b61a e-con-full e-flex e-con e-child\" data-id=\"3d8b61a\" data-element_type=\"container\" data-e-type=\"container\">\n\t\t\t\t<div class=\"elementor-element elementor-element-7017017 elementor-widget elementor-widget-text-editor\" data-id=\"7017017\" data-element_type=\"widget\" data-e-type=\"widget\" data-widget_type=\"text-editor.default\">\n\t\t\t\t\t\t\t\t\t<h3>Avantage<\/h3><p>Cette solution r\u00e9duit la population colombine instantan\u00e9ment.<\/p><h3>Inconv\u00e9nients<\/h3><ul><li>R\u00e9alisable qu\u2019aux endroits o\u00f9 la place est suffisante pour lancer les filets,<\/li><li>Les cheptels ainsi r\u00e9duits sont reconstitu\u00e9s en 3 \u00e0 6 mois,<\/li><li>Une fois captur\u00e9s, les pigeons doivent \u00eatre reclass\u00e9s,<\/li><li>Pas tr\u00e8s populaire.<\/li><\/ul><p>Cette prestation doit \u00eatre r\u00e9alis\u00e9e par des professionnels.<\/p>\t\t\t\t\t\t\t\t<\/div>\n\t\t\t\t<\/div>\n\t\t\t\t\t<\/div>\n\t\t\t\t<\/div>\n\t\t\t\t<\/div>\n\t\t","protected":false},"excerpt":{"rendered":"<p>Canon lance-filets PIGEON PROPRE\u00ae est l\u2019inventeur du syst\u00e8me d\u2019Electro-R\u00e9pulsion\u00ae et propri\u00e9taire de la marque d\u00e9pos\u00e9e Electro-r\u00e9pulsion\u00ae depuis 1996. Plus de 4000 r\u00e9f\u00e9rences en France et \u00e0 l\u2019International. \u00a0\u00a0\u00a0\u00a0Nos services 01 43 97 48 61 Besoin d&rsquo;un devis Principe Le\u00a0canon lance-filet\u00a0est un dispositif qui permet de capturer plusieurs dizaines de pigeons en une seule fois. Apr\u00e8s&hellip;<\/p>\n","protected":false},"author":1,"featured_media":0,"parent":0,"menu_order":0,"comment_status":"closed","ping_status":"closed","template":"elementor_header_footer","meta":{"footnotes":""},"class_list":["post-207","page","type-page","status-publish","hentry"],"_links":{"self":[{"href":"https:\/\/pigeons-propres.fr\/index.php\/wp-json\/wp\/v2\/pages\/207","targetHints":{"allow":["GET"]}}],"collection":[{"href":"https:\/\/pigeons-propres.fr\/index.php\/wp-json\/wp\/v2\/pages"}],"about":[{"href":"https:\/\/pigeons-propres.fr\/index.php\/wp-json\/wp\/v2\/types\/page"}],"author":[{"embeddable":true,"href":"https:\/\/pigeons-propres.fr\/index.php\/wp-json\/wp\/v2\/users\/1"}],"replies":[{"embeddable":true,"href":"https:\/\/pigeons-propres.fr\/index.php\/wp-json\/wp\/v2\/comments?post=207"}],"version-history":[{"count":7,"href":"https:\/\/pigeons-propres.fr\/index.php\/wp-json\/wp\/v2\/pages\/207\/revisions"}],"predecessor-version":[{"id":214,"href":"https:\/\/pigeons-propres.fr\/index.php\/wp-json\/wp\/v2\/pages\/207\/revisions\/214"}],"wp:attachment":[{"href":"https:\/\/pigeons-propres.fr\/index.php\/wp-json\/wp\/v2\/media?parent=207"}],"curies":[{"name":"wp","href":"https:\/\/api.w.org\/{rel}","templated":true}]}}