{"id":202,"date":"2026-01-22T09:29:28","date_gmt":"2026-01-22T09:29:28","guid":{"rendered":"https:\/\/preprod-pigeon.goldenmarket-tn.com\/?page_id=202"},"modified":"2026-01-22T09:31:06","modified_gmt":"2026-01-22T09:31:06","slug":"treillis-et-filets-anti-pigeons","status":"publish","type":"page","link":"https:\/\/pigeons-propres.fr\/index.php\/treillis-et-filets-anti-pigeons\/","title":{"rendered":"Treillis et filets anti-pigeons"},"content":{"rendered":"\t\t<div data-elementor-type=\"wp-page\" data-elementor-id=\"202\" class=\"elementor elementor-202\">\n\t\t\t\t<div class=\"elementor-element elementor-element-9e5d7ab e-con-full e-flex e-con e-parent\" data-id=\"9e5d7ab\" data-element_type=\"container\" data-e-type=\"container\">\n\t\t<div class=\"elementor-element elementor-element-2871278 e-con-full e-flex e-con e-child\" data-id=\"2871278\" data-element_type=\"container\" data-e-type=\"container\" data-settings=\"{&quot;background_background&quot;:&quot;classic&quot;}\">\n\t\t\t\t<div class=\"elementor-element elementor-element-f1debc8 elementor-widget elementor-widget-text-editor\" data-id=\"f1debc8\" data-element_type=\"widget\" data-e-type=\"widget\" data-widget_type=\"text-editor.default\">\n\t\t\t\t\t\t\t\t\t<section class=\"hero-electro\"><div class=\"container\"><div class=\"row align-items-center pl-md-3 pr-md-3\"><div class=\"col-md-12\"><h1 class=\"text-white\">Treillis et filets anti-pigeons<\/h1><p class=\"text-white mt-3 fs-24\">PIGEON PROPRE\u00ae est l\u2019inventeur du syst\u00e8me d\u2019Electro-R\u00e9pulsion\u00ae et propri\u00e9taire de la marque d\u00e9pos\u00e9e Electro-r\u00e9pulsion\u00ae depuis 1996. Plus de 4000 r\u00e9f\u00e9rences en France et \u00e0 l\u2019International.<\/p><div class=\"row mt-4\">\u00a0<\/div><div class=\"row mt-4\">\u00a0<\/div><div class=\"row mt-4\">\u00a0<\/div><div class=\"row mt-4\">\u00a0<\/div><div class=\"row mt-4\" style=\"display: flex; justify-content: center;\"><a href=\"index.php#service\"><button class=\"btn-grad d-flex\">Nos services<\/button><\/a> <a href=\"https:\/\/web.archive.org\/web\/20240421053052\/tel:+33143974861\"><button class=\"btn-grad-2 d-flex\">01 43 97 48 61<\/button><\/a> <button class=\"btn-grad-2 btnForm\" type=\"button\" data-toggle=\"modal\" data-target=\"#exampleModal1\">Besoin d&rsquo;un devis<\/button><\/div><\/div><\/div><\/div><\/section>\t\t\t\t\t\t\t\t<\/div>\n\t\t\t\t<\/div>\n\t\t\t\t<\/div>\n\t\t<div class=\"elementor-element elementor-element-3633a32 e-flex e-con-boxed e-con e-parent\" data-id=\"3633a32\" data-element_type=\"container\" data-e-type=\"container\">\n\t\t\t\t\t<div class=\"e-con-inner\">\n\t\t<div class=\"elementor-element elementor-element-dc66357 e-con-full e-flex e-con e-child\" data-id=\"dc66357\" data-element_type=\"container\" data-e-type=\"container\">\n\t\t\t\t<div class=\"elementor-element elementor-element-c0071e5 elementor-widget elementor-widget-text-editor\" data-id=\"c0071e5\" data-element_type=\"widget\" data-e-type=\"widget\" data-widget_type=\"text-editor.default\">\n\t\t\t\t\t\t\t\t\t<h3>Principe<\/h3><p>Obstruer de grands volumes comme baies, lucarnes, cours int\u00e9rieures, combles, greniers\u2026 par un filet de protection ou un grillage anti-volatiles. Les oiseaux n\u2019ont plus acc\u00e8s aux surfaces.<\/p>\t\t\t\t\t\t\t\t<\/div>\n\t\t\t\t<\/div>\n\t\t<div class=\"elementor-element elementor-element-ddf2df8 e-con-full e-flex e-con e-child\" data-id=\"ddf2df8\" data-element_type=\"container\" data-e-type=\"container\">\n\t\t\t\t<div class=\"elementor-element elementor-element-f47b15d elementor-widget elementor-widget-text-editor\" data-id=\"f47b15d\" data-element_type=\"widget\" data-e-type=\"widget\" data-widget_type=\"text-editor.default\">\n\t\t\t\t\t\t\t\t\t<h3>Avantages<\/h3><ul><li style=\"list-style-type: none;\"><ul><li>Le filet anti pigeon est plus performant que le grillage car les pigeons ont du mal \u00e0 s\u2019y agripper pour tenter de le d\u00e9truire,<\/li><li>Le syst\u00e8me du filet ou du grillage est le plus adapt\u00e9 aux grands volumes \u00e0 prot\u00e9ger,<\/li><li>Une solution efficace et discr\u00e8te car souvent install\u00e9e en hauteur,<\/li><li>Installation possible par les particuliers du filet de protection anti pigeon.<\/li><\/ul><\/li><\/ul>\t\t\t\t\t\t\t\t<\/div>\n\t\t\t\t<\/div>\n\t\t\t\t\t<\/div>\n\t\t\t\t<\/div>\n\t\t\t\t<\/div>\n\t\t","protected":false},"excerpt":{"rendered":"<p>Treillis et filets anti-pigeons PIGEON PROPRE\u00ae est l\u2019inventeur du syst\u00e8me d\u2019Electro-R\u00e9pulsion\u00ae et propri\u00e9taire de la marque d\u00e9pos\u00e9e Electro-r\u00e9pulsion\u00ae depuis 1996. Plus de 4000 r\u00e9f\u00e9rences en France et \u00e0 l\u2019International. \u00a0\u00a0\u00a0\u00a0Nos services 01 43 97 48 61 Besoin d&rsquo;un devis Principe Obstruer de grands volumes comme baies, lucarnes, cours int\u00e9rieures, combles, greniers\u2026 par un filet de&hellip;<\/p>\n","protected":false},"author":1,"featured_media":0,"parent":0,"menu_order":0,"comment_status":"closed","ping_status":"closed","template":"elementor_header_footer","meta":{"footnotes":""},"class_list":["post-202","page","type-page","status-publish","hentry"],"_links":{"self":[{"href":"https:\/\/pigeons-propres.fr\/index.php\/wp-json\/wp\/v2\/pages\/202","targetHints":{"allow":["GET"]}}],"collection":[{"href":"https:\/\/pigeons-propres.fr\/index.php\/wp-json\/wp\/v2\/pages"}],"about":[{"href":"https:\/\/pigeons-propres.fr\/index.php\/wp-json\/wp\/v2\/types\/page"}],"author":[{"embeddable":true,"href":"https:\/\/pigeons-propres.fr\/index.php\/wp-json\/wp\/v2\/users\/1"}],"replies":[{"embeddable":true,"href":"https:\/\/pigeons-propres.fr\/index.php\/wp-json\/wp\/v2\/comments?post=202"}],"version-history":[{"count":4,"href":"https:\/\/pigeons-propres.fr\/index.php\/wp-json\/wp\/v2\/pages\/202\/revisions"}],"predecessor-version":[{"id":206,"href":"https:\/\/pigeons-propres.fr\/index.php\/wp-json\/wp\/v2\/pages\/202\/revisions\/206"}],"wp:attachment":[{"href":"https:\/\/pigeons-propres.fr\/index.php\/wp-json\/wp\/v2\/media?parent=202"}],"curies":[{"name":"wp","href":"https:\/\/api.w.org\/{rel}","templated":true}]}}