{"id":196,"date":"2026-01-21T16:39:12","date_gmt":"2026-01-21T16:39:12","guid":{"rendered":"https:\/\/preprod-pigeon.goldenmarket-tn.com\/?page_id=196"},"modified":"2026-01-22T09:27:57","modified_gmt":"2026-01-22T09:27:57","slug":"plaque-bouche-tuile","status":"publish","type":"page","link":"https:\/\/pigeons-propres.fr\/index.php\/plaque-bouche-tuile\/","title":{"rendered":"Plaque bouche-tuile"},"content":{"rendered":"\t\t<div data-elementor-type=\"wp-page\" data-elementor-id=\"196\" class=\"elementor elementor-196\">\n\t\t\t\t<div class=\"elementor-element elementor-element-0d47195 e-con-full e-flex e-con e-parent\" data-id=\"0d47195\" data-element_type=\"container\" data-e-type=\"container\">\n\t\t<div class=\"elementor-element elementor-element-089f656 e-con-full e-flex e-con e-child\" data-id=\"089f656\" data-element_type=\"container\" data-e-type=\"container\" data-settings=\"{&quot;background_background&quot;:&quot;classic&quot;}\">\n\t\t\t\t<div class=\"elementor-element elementor-element-c004d78 elementor-widget elementor-widget-text-editor\" data-id=\"c004d78\" data-element_type=\"widget\" data-e-type=\"widget\" data-widget_type=\"text-editor.default\">\n\t\t\t\t\t\t\t\t\t<section class=\"hero-electro\"><div class=\"container\"><div class=\"row align-items-center pl-md-3 pr-md-3\"><div class=\"col-md-12\"><h1 class=\"text-white\">Plaque bouche-tuile<\/h1><p class=\"text-white mt-3 fs-24\">PIGEON PROPRE\u00ae est l\u2019inventeur du syst\u00e8me d\u2019Electro-R\u00e9pulsion\u00ae et propri\u00e9taire de la marque d\u00e9pos\u00e9e Electro-r\u00e9pulsion\u00ae depuis 1996. Plus de 4000 r\u00e9f\u00e9rences en France et \u00e0 l\u2019International.<\/p><div class=\"row mt-4\">\u00a0<\/div><div class=\"row mt-4\">\u00a0<\/div><div class=\"row mt-4\">\u00a0<\/div><div class=\"row mt-4\" style=\"display: flex; justify-content: center;\"><a href=\"index.php#service\"><button class=\"btn-grad d-flex\">Nos services<\/button><\/a> <a href=\"https:\/\/web.archive.org\/web\/20240421053052\/tel:+33143974861\"><button class=\"btn-grad-2 d-flex\">01 43 97 48 61<\/button><\/a> <button class=\"btn-grad-2 btnForm\" type=\"button\" data-toggle=\"modal\" data-target=\"#exampleModal1\">Besoin d&rsquo;un devis<\/button><\/div><\/div><\/div><\/div><\/section>\t\t\t\t\t\t\t\t<\/div>\n\t\t\t\t<\/div>\n\t\t\t\t<\/div>\n\t\t<div class=\"elementor-element elementor-element-826d7a5 e-flex e-con-boxed e-con e-parent\" data-id=\"826d7a5\" data-element_type=\"container\" data-e-type=\"container\">\n\t\t\t\t\t<div class=\"e-con-inner\">\n\t\t<div class=\"elementor-element elementor-element-3f493ba e-con-full e-flex e-con e-child\" data-id=\"3f493ba\" data-element_type=\"container\" data-e-type=\"container\">\n\t\t\t\t<div class=\"elementor-element elementor-element-48e36de elementor-widget elementor-widget-text-editor\" data-id=\"48e36de\" data-element_type=\"widget\" data-e-type=\"widget\" data-widget_type=\"text-editor.default\">\n\t\t\t\t\t\t\t\t\t<h3>Principe<\/h3><p>Dispositif m\u00e9tallique en acier galvanis\u00e9 permettant d\u2019obstruer les tuiles-canal.<\/p><p>Le mod\u00e8le de cette plaque est brevet\u00e9, car con\u00e7u pour une efficacit\u00e9 et une dur\u00e9e maximales.<\/p>\t\t\t\t\t\t\t\t<\/div>\n\t\t\t\t<\/div>\n\t\t<div class=\"elementor-element elementor-element-23d868a e-con-full e-flex e-con e-child\" data-id=\"23d868a\" data-element_type=\"container\" data-e-type=\"container\">\n\t\t\t\t<div class=\"elementor-element elementor-element-988cbfe elementor-widget elementor-widget-text-editor\" data-id=\"988cbfe\" data-element_type=\"widget\" data-e-type=\"widget\" data-widget_type=\"text-editor.default\">\n\t\t\t\t\t\t\t\t\t<h3>Avantages<\/h3><ul><li>Essentiellement de boucher les tuiles-canal par o\u00f9 rentrent les pigeons pour se nicher sous les toitures,<\/li><li>Il emp\u00eache \u00e9galement l\u2019entr\u00e9e d\u2019autres pr\u00e9dateurs (rongeurs),<\/li><li>Ce dispositif ne craint pas la corrosion et surtout r\u00e9siste aux dents des pr\u00e9dateurs tels que rats ou fouines,<\/li><li>Syst\u00e8me simple et rapide. Permet de sauvegarder les installations d\u2019isolation plac\u00e9es sous les toits<\/li><li>La fixation par clippage ou par vissage a une tr\u00e8s bonne tenue dans le temps.<\/li><\/ul><h3>Inconv\u00e9nients<\/h3><p>Cette solution ne pr\u00e9sente aucun inconv\u00e9nient.<\/p>\t\t\t\t\t\t\t\t<\/div>\n\t\t\t\t<\/div>\n\t\t\t\t\t<\/div>\n\t\t\t\t<\/div>\n\t\t<div class=\"elementor-element elementor-element-570667d e-flex e-con-boxed e-con e-parent\" data-id=\"570667d\" data-element_type=\"container\" data-e-type=\"container\">\n\t\t\t\t\t<div class=\"e-con-inner\">\n\t\t<div class=\"elementor-element elementor-element-ba2e6ae e-con-full e-flex e-con e-child\" data-id=\"ba2e6ae\" data-element_type=\"container\" data-e-type=\"container\">\n\t\t\t\t<div class=\"elementor-element elementor-element-3d20e2b elementor-widget elementor-widget-image\" data-id=\"3d20e2b\" data-element_type=\"widget\" data-e-type=\"widget\" data-widget_type=\"image.default\">\n\t\t\t\t\t\t\t\t\t\t\t\t\t\t\t<img decoding=\"async\" src=\"https:\/\/pigeons-propres.fr\/wp-content\/plugins\/elementor\/assets\/images\/placeholder.png\" title=\"\" alt=\"\" loading=\"lazy\" \/>\t\t\t\t\t\t\t\t\t\t\t\t\t\t\t<\/div>\n\t\t\t\t<\/div>\n\t\t<div class=\"elementor-element elementor-element-a3deec9 e-con-full e-flex e-con e-child\" data-id=\"a3deec9\" data-element_type=\"container\" data-e-type=\"container\">\n\t\t\t\t<\/div>\n\t\t<div class=\"elementor-element elementor-element-49bdfca e-con-full e-flex e-con e-child\" data-id=\"49bdfca\" data-element_type=\"container\" data-e-type=\"container\">\n\t\t\t\t<\/div>\n\t\t\t\t\t<\/div>\n\t\t\t\t<\/div>\n\t\t\t\t<\/div>\n\t\t","protected":false},"excerpt":{"rendered":"<p>Plaque bouche-tuile PIGEON PROPRE\u00ae est l\u2019inventeur du syst\u00e8me d\u2019Electro-R\u00e9pulsion\u00ae et propri\u00e9taire de la marque d\u00e9pos\u00e9e Electro-r\u00e9pulsion\u00ae depuis 1996. Plus de 4000 r\u00e9f\u00e9rences en France et \u00e0 l\u2019International. \u00a0\u00a0\u00a0Nos services 01 43 97 48 61 Besoin d&rsquo;un devis Principe Dispositif m\u00e9tallique en acier galvanis\u00e9 permettant d\u2019obstruer les tuiles-canal. Le mod\u00e8le de cette plaque est brevet\u00e9, car&hellip;<\/p>\n","protected":false},"author":1,"featured_media":0,"parent":0,"menu_order":0,"comment_status":"closed","ping_status":"closed","template":"elementor_header_footer","meta":{"footnotes":""},"class_list":["post-196","page","type-page","status-publish","hentry"],"_links":{"self":[{"href":"https:\/\/pigeons-propres.fr\/index.php\/wp-json\/wp\/v2\/pages\/196","targetHints":{"allow":["GET"]}}],"collection":[{"href":"https:\/\/pigeons-propres.fr\/index.php\/wp-json\/wp\/v2\/pages"}],"about":[{"href":"https:\/\/pigeons-propres.fr\/index.php\/wp-json\/wp\/v2\/types\/page"}],"author":[{"embeddable":true,"href":"https:\/\/pigeons-propres.fr\/index.php\/wp-json\/wp\/v2\/users\/1"}],"replies":[{"embeddable":true,"href":"https:\/\/pigeons-propres.fr\/index.php\/wp-json\/wp\/v2\/comments?post=196"}],"version-history":[{"count":4,"href":"https:\/\/pigeons-propres.fr\/index.php\/wp-json\/wp\/v2\/pages\/196\/revisions"}],"predecessor-version":[{"id":201,"href":"https:\/\/pigeons-propres.fr\/index.php\/wp-json\/wp\/v2\/pages\/196\/revisions\/201"}],"wp:attachment":[{"href":"https:\/\/pigeons-propres.fr\/index.php\/wp-json\/wp\/v2\/media?parent=196"}],"curies":[{"name":"wp","href":"https:\/\/api.w.org\/{rel}","templated":true}]}}