{"id":190,"date":"2026-01-21T16:33:51","date_gmt":"2026-01-21T16:33:51","guid":{"rendered":"https:\/\/preprod-pigeon.goldenmarket-tn.com\/?page_id=190"},"modified":"2026-01-21T16:35:27","modified_gmt":"2026-01-21T16:35:27","slug":"fil-tendu-anti-pigeon","status":"publish","type":"page","link":"https:\/\/pigeons-propres.fr\/index.php\/fil-tendu-anti-pigeon\/","title":{"rendered":"Fil tendu anti-pigeon"},"content":{"rendered":"\t\t<div data-elementor-type=\"wp-page\" data-elementor-id=\"190\" class=\"elementor elementor-190\">\n\t\t\t\t<div class=\"elementor-element elementor-element-55c6706 e-con-full e-flex e-con e-parent\" data-id=\"55c6706\" data-element_type=\"container\" data-e-type=\"container\">\n\t\t<div class=\"elementor-element elementor-element-4b01821 e-con-full e-flex e-con e-child\" data-id=\"4b01821\" data-element_type=\"container\" data-e-type=\"container\" data-settings=\"{&quot;background_background&quot;:&quot;classic&quot;}\">\n\t\t\t\t<div class=\"elementor-element elementor-element-0ddf542 elementor-widget elementor-widget-text-editor\" data-id=\"0ddf542\" data-element_type=\"widget\" data-e-type=\"widget\" data-widget_type=\"text-editor.default\">\n\t\t\t\t\t\t\t\t\t<section class=\"hero-electro\"><div class=\"container\"><div class=\"row align-items-center pl-md-3 pr-md-3\"><div class=\"col-md-12\"><h1 class=\"text-white\">Fil tendu anti-pigeon<\/h1><h3 class=\"text-white mt-3 fs-24\">PIGEON PROPRE\u00ae est l\u2019inventeur du syst\u00e8me d\u2019Electro-R\u00e9pulsion\u00ae et propri\u00e9taire de la marque d\u00e9pos\u00e9e Electro-r\u00e9pulsion\u00ae depuis 1996. Plus de 4000 r\u00e9f\u00e9rences en France et \u00e0 l\u2019International.<\/h3><div class=\"row mt-4\">\u00a0<\/div><div class=\"row mt-4\">\u00a0<\/div><div class=\"row mt-4\" style=\"display: flex; justify-content: center;\"><a href=\"index.php#service\"><button class=\"btn-grad d-flex\">Nos services<\/button><\/a> <a href=\"https:\/\/web.archive.org\/web\/20240421053052\/tel:+33143974861\"><button class=\"btn-grad-2 d-flex\">01 43 97 48 61<\/button><\/a> <button class=\"btn-grad-2 btnForm\" type=\"button\" data-toggle=\"modal\" data-target=\"#exampleModal1\">Besoin d&rsquo;un devis<\/button><\/div><\/div><\/div><\/div><\/section>\t\t\t\t\t\t\t\t<\/div>\n\t\t\t\t<\/div>\n\t\t\t\t<\/div>\n\t\t<div class=\"elementor-element elementor-element-169e700 e-flex e-con-boxed e-con e-parent\" data-id=\"169e700\" data-element_type=\"container\" data-e-type=\"container\">\n\t\t\t\t\t<div class=\"e-con-inner\">\n\t\t<div class=\"elementor-element elementor-element-bb8d096 e-con-full e-flex e-con e-child\" data-id=\"bb8d096\" data-element_type=\"container\" data-e-type=\"container\">\n\t\t\t\t<div class=\"elementor-element elementor-element-d3a0ecf elementor-widget elementor-widget-text-editor\" data-id=\"d3a0ecf\" data-element_type=\"widget\" data-e-type=\"widget\" data-widget_type=\"text-editor.default\">\n\t\t\t\t\t\t\t\t\t<h3>Principe<\/h3><p>Un fil m\u00e9tallique est fix\u00e9 \u00e0 deux poteaux avec un ressort interm\u00e9diaire qui permet de maintenir le fil bien tendu.<\/p><p>Le pigeon est ainsi d\u00e9stabilis\u00e9 lorsqu\u2019il essaie de se poser et donc repart.<\/p><p><strong class=\"strong\">L\u2019installation par des professionnels est recommand\u00e9e.<\/strong><\/p>\t\t\t\t\t\t\t\t<\/div>\n\t\t\t\t<\/div>\n\t\t<div class=\"elementor-element elementor-element-03f146d e-con-full e-flex e-con e-child\" data-id=\"03f146d\" data-element_type=\"container\" data-e-type=\"container\">\n\t\t\t\t<div class=\"elementor-element elementor-element-ce783e3 elementor-widget elementor-widget-text-editor\" data-id=\"ce783e3\" data-element_type=\"widget\" data-e-type=\"widget\" data-widget_type=\"text-editor.default\">\n\t\t\t\t\t\t\t\t\t<h3>Avantages<\/h3><p>La discr\u00e9tion<\/p><h3>Inconv\u00e9nients<\/h3><p>Une mauvaise r\u00e9sistance \u00e0 la corrosion<\/p><p>N\u00e9cessit\u00e9 de percer des trous dans le support pour les petits poteaux : pose longue et d\u00e9licate<\/p><p>Tout comme pour les picots, les pigeons peuvent arriver \u00e0 contourner les surfaces prot\u00e9g\u00e9es par le fil anti pigeon.<\/p>\t\t\t\t\t\t\t\t<\/div>\n\t\t\t\t<\/div>\n\t\t\t\t\t<\/div>\n\t\t\t\t<\/div>\n\t\t\t\t<\/div>\n\t\t","protected":false},"excerpt":{"rendered":"<p>Fil tendu anti-pigeon PIGEON PROPRE\u00ae est l\u2019inventeur du syst\u00e8me d\u2019Electro-R\u00e9pulsion\u00ae et propri\u00e9taire de la marque d\u00e9pos\u00e9e Electro-r\u00e9pulsion\u00ae depuis 1996. Plus de 4000 r\u00e9f\u00e9rences en France et \u00e0 l\u2019International. \u00a0\u00a0Nos services 01 43 97 48 61 Besoin d&rsquo;un devis Principe Un fil m\u00e9tallique est fix\u00e9 \u00e0 deux poteaux avec un ressort interm\u00e9diaire qui permet de maintenir&hellip;<\/p>\n","protected":false},"author":1,"featured_media":0,"parent":0,"menu_order":0,"comment_status":"closed","ping_status":"closed","template":"elementor_header_footer","meta":{"footnotes":""},"class_list":["post-190","page","type-page","status-publish","hentry"],"_links":{"self":[{"href":"https:\/\/pigeons-propres.fr\/index.php\/wp-json\/wp\/v2\/pages\/190","targetHints":{"allow":["GET"]}}],"collection":[{"href":"https:\/\/pigeons-propres.fr\/index.php\/wp-json\/wp\/v2\/pages"}],"about":[{"href":"https:\/\/pigeons-propres.fr\/index.php\/wp-json\/wp\/v2\/types\/page"}],"author":[{"embeddable":true,"href":"https:\/\/pigeons-propres.fr\/index.php\/wp-json\/wp\/v2\/users\/1"}],"replies":[{"embeddable":true,"href":"https:\/\/pigeons-propres.fr\/index.php\/wp-json\/wp\/v2\/comments?post=190"}],"version-history":[{"count":4,"href":"https:\/\/pigeons-propres.fr\/index.php\/wp-json\/wp\/v2\/pages\/190\/revisions"}],"predecessor-version":[{"id":194,"href":"https:\/\/pigeons-propres.fr\/index.php\/wp-json\/wp\/v2\/pages\/190\/revisions\/194"}],"wp:attachment":[{"href":"https:\/\/pigeons-propres.fr\/index.php\/wp-json\/wp\/v2\/media?parent=190"}],"curies":[{"name":"wp","href":"https:\/\/api.w.org\/{rel}","templated":true}]}}