{"id":13,"date":"2026-01-21T14:51:43","date_gmt":"2026-01-21T14:51:43","guid":{"rendered":"https:\/\/preprod-pigeon.goldenmarket-tn.com\/?page_id=13"},"modified":"2026-03-26T14:48:59","modified_gmt":"2026-03-26T14:48:59","slug":"lelectro-repulsion","status":"publish","type":"page","link":"https:\/\/pigeons-propres.fr\/index.php\/lelectro-repulsion\/","title":{"rendered":"L&rsquo;Electro-r\u00e9pulsion"},"content":{"rendered":"\t\t<div data-elementor-type=\"wp-page\" data-elementor-id=\"13\" class=\"elementor elementor-13\">\n\t\t\t\t<div class=\"elementor-element elementor-element-8de65ff e-con-full e-flex e-con e-parent\" data-id=\"8de65ff\" data-element_type=\"container\" data-e-type=\"container\" data-settings=\"{&quot;background_background&quot;:&quot;classic&quot;}\">\n\t\t\t\t<div class=\"elementor-element elementor-element-cbd78f1 elementor-widget elementor-widget-text-editor\" data-id=\"cbd78f1\" data-element_type=\"widget\" data-e-type=\"widget\" data-widget_type=\"text-editor.default\">\n\t\t\t\t\t\t\t\t\t<section class=\"hero-electro\">\n<div class=\"container\">\n<div class=\"row align-items-center pl-md-3 pr-md-3\">\n<div class=\"col-md-12\">\n<h1 class=\"text-white\">Electro-r\u00e9pulsion\u00ae<\/h1>\n<h3 class=\"text-white\"><strong>Pigeon propre<\/strong>\u00ae,sp\u00e9cialiste des <strong>syst\u00e8mes d\u2019effarouchement anti-pigeons<\/strong>, est l\u2019inventeur d\u2019une solution efficace et brevet\u00e9e pour se d\u00e9barrasser des pigeons : l\u2019<strong>\u00e9lectro-r\u00e9pulsion<\/strong>\u00ae<\/h3>\n<p class=\"text-white mt-3 fs-24\">Pigeon Propre\u00ae, est propri\u00e9taire de la marque d\u00e9pos\u00e9e <strong>Electro-r\u00e9pulsion\u00ae<\/strong> depuis 1996. Plus de 4000 r\u00e9f\u00e9rences en France et \u00e0 l\u2019International, n\u00b01 des syst\u00e8mes d\u2019effarouchement des pigeons<\/p>\n<div class=\"row mt-4\" style=\"display: flex; justify-content: center;\"><a href=\"index.php#service\"><button class=\"btn-grad d-flex\">Nos services<\/button><\/a> <a href=\"https:\/\/web.archive.org\/web\/20240421053052\/tel:+33143974861\"><button class=\"btn-grad-2 d-flex\">01 43 97 48 61<\/button><\/a> <button class=\"btn-grad-2 btnForm\" type=\"button\" data-toggle=\"modal\" data-target=\"#exampleModal1\">Besoin d&rsquo;un devis<\/button><\/div>\n<\/div>\n<\/div>\n<\/div>\n<\/section>\t\t\t\t\t\t\t\t<\/div>\n\t\t\t\t<\/div>\n\t\t<div class=\"elementor-element elementor-element-a6db9d7 e-flex e-con-boxed e-con e-parent\" data-id=\"a6db9d7\" data-element_type=\"container\" data-e-type=\"container\" data-settings=\"{&quot;background_background&quot;:&quot;classic&quot;}\">\n\t\t\t\t\t<div class=\"e-con-inner\">\n\t\t\t\t<div class=\"elementor-element elementor-element-ea43aee elementor-widget elementor-widget-text-editor\" data-id=\"ea43aee\" data-element_type=\"widget\" data-e-type=\"widget\" data-widget_type=\"text-editor.default\">\n\t\t\t\t\t\t\t\t\t<section class=\"bandeau-titre\"><h2 class=\"text-center\" style=\"border: 4px #0682F5; border-left-style: solid; padding-left: 20px;\"><span class=\"b-r-s\">Principe de l&rsquo;Electro-r\u00e9pulsion\u00ae <\/span><\/h2><\/section>\t\t\t\t\t\t\t\t<\/div>\n\t\t\t\t\t<\/div>\n\t\t\t\t<\/div>\n\t\t<div class=\"elementor-element elementor-element-c6fe546 e-con-full e-flex e-con e-parent\" data-id=\"c6fe546\" data-element_type=\"container\" data-e-type=\"container\">\n\t\t\t\t<div class=\"elementor-element elementor-element-89fc1e6 elementor-widget elementor-widget-text-editor\" data-id=\"89fc1e6\" data-element_type=\"widget\" data-e-type=\"widget\" data-widget_type=\"text-editor.default\">\n\t\t\t\t\t\t\t\t\tUn syst\u00e8me compos\u00e9 de barrettes et de conducteurs \u00e9lectriques, dans lequel circulent des impulsions \u00e9lectriques entra\u00eenant, lors de sa premi\u00e8re approche du champ magn\u00e9tique cr\u00e9\u00e9, la fuite du volatile et, pour le plus pers\u00e9v\u00e9rant, une d\u00e9charge \u00e9lectrique d\u00e9sagr\u00e9able lors de l\u2019atterrissage.\n\nLes pigeons vivent en groupe et ont une communication par mim\u00e9tisme : les premiers arriv\u00e9s dans leur fuite font fuir leurs cong\u00e9n\u00e8res et prot\u00e8gent ainsi efficacement la zone trait\u00e9e de l\u2019ensemble du groupe.\n\nCe syst\u00e8me permet de prot\u00e9ger tous types de b\u00e2timents des d\u00e9gradations caus\u00e9es par les volatiles, tels que pigeons, mouettes, cigognes, corbeaux.\t\t\t\t\t\t\t\t<\/div>\n\t\t\t\t<\/div>\n\t\t<div class=\"elementor-element elementor-element-7a77d2f e-flex e-con-boxed e-con e-parent\" data-id=\"7a77d2f\" data-element_type=\"container\" data-e-type=\"container\" data-settings=\"{&quot;background_background&quot;:&quot;classic&quot;}\">\n\t\t\t\t\t<div class=\"e-con-inner\">\n\t\t\t\t<div class=\"elementor-element elementor-element-adaa46f elementor-widget elementor-widget-text-editor\" data-id=\"adaa46f\" data-element_type=\"widget\" data-e-type=\"widget\" data-widget_type=\"text-editor.default\">\n\t\t\t\t\t\t\t\t\t<section class=\"bandeau-titre\">\n<h2 class=\"text-center\" style=\"border: 4px #0682F5; border-left-style: solid; padding-left: 20px;\"><span class=\"b-r-s\">Avantages de l&rsquo;Electro-r\u00e9pulsion\u00ae\n <\/span><\/h2>\n<\/section>\t\t\t\t\t\t\t\t<\/div>\n\t\t\t\t\t<\/div>\n\t\t\t\t<\/div>\n\t\t<div class=\"elementor-element elementor-element-c7a4939 e-flex e-con-boxed e-con e-parent\" data-id=\"c7a4939\" data-element_type=\"container\" data-e-type=\"container\">\n\t\t\t\t\t<div class=\"e-con-inner\">\n\t\t<div class=\"elementor-element elementor-element-a6780ac e-con-full e-flex e-con e-child\" data-id=\"a6780ac\" data-element_type=\"container\" data-e-type=\"container\">\n\t\t\t\t<\/div>\n\t\t<div class=\"elementor-element elementor-element-af58219 e-con-full e-flex e-con e-child\" data-id=\"af58219\" data-element_type=\"container\" data-e-type=\"container\">\n\t\t\t\t<div class=\"elementor-element elementor-element-e2da0da elementor-widget elementor-widget-text-editor\" data-id=\"e2da0da\" data-element_type=\"widget\" data-e-type=\"widget\" data-widget_type=\"text-editor.default\">\n\t\t\t\t\t\t\t\t\t<ul><li><i class=\"fa-regular fa-circle-check keyword\"><\/i>\u00a0Il est le plus efficace du march\u00e9 car c\u2019est un\u00a0<strong>r\u00e9pulsif<\/strong>\u00a0actif et non passif.<\/li><li><i class=\"fa-regular fa-circle-check keyword\"><\/i>\u00a0Il est le plus discret, pos\u00e9 de fa\u00e7on judicieuse il allie connaissances architecturales et ornithologiques<\/li><li><i class=\"fa-regular fa-circle-check keyword\"><\/i>\u00a0Il est le plus fiable par sa conception bas\u00e9e sur des liaisons par ressorts.<\/li><li><i class=\"fa-regular fa-circle-check keyword\"><\/i>\u00a0Il est sans danger pour les volatiles.<\/li><\/ul>\t\t\t\t\t\t\t\t<\/div>\n\t\t\t\t<\/div>\n\t\t\t\t\t<\/div>\n\t\t\t\t<\/div>\n\t\t<div class=\"elementor-element elementor-element-f485685 e-flex e-con-boxed e-con e-parent\" data-id=\"f485685\" data-element_type=\"container\" data-e-type=\"container\" data-settings=\"{&quot;background_background&quot;:&quot;classic&quot;}\">\n\t\t\t\t\t<div class=\"e-con-inner\">\n\t\t<div class=\"elementor-element elementor-element-36517b5 e-con-full e-flex e-con e-child\" data-id=\"36517b5\" data-element_type=\"container\" data-e-type=\"container\">\n\t\t\t\t<div class=\"elementor-element elementor-element-fc5e263 elementor-widget__width-initial elementor-widget elementor-widget-image\" data-id=\"fc5e263\" data-element_type=\"widget\" data-e-type=\"widget\" data-widget_type=\"image.default\">\n\t\t\t\t\t\t\t\t\t\t\t\t\t\t\t<img fetchpriority=\"high\" decoding=\"async\" width=\"1028\" height=\"240\" src=\"https:\/\/pigeons-propres.fr\/wp-content\/uploads\/2026\/01\/logo-fr.png\" class=\"attachment-full size-full wp-image-36\" alt=\"\" srcset=\"https:\/\/pigeons-propres.fr\/wp-content\/uploads\/2026\/01\/logo-fr.png 1028w, https:\/\/pigeons-propres.fr\/wp-content\/uploads\/2026\/01\/logo-fr-300x70.png 300w, https:\/\/pigeons-propres.fr\/wp-content\/uploads\/2026\/01\/logo-fr-1024x239.png 1024w, https:\/\/pigeons-propres.fr\/wp-content\/uploads\/2026\/01\/logo-fr-768x179.png 768w\" sizes=\"(max-width: 1028px) 100vw, 1028px\" \/>\t\t\t\t\t\t\t\t\t\t\t\t\t\t\t<\/div>\n\t\t\t\t<\/div>\n\t\t<div class=\"elementor-element elementor-element-bc8f3ef e-con-full e-flex e-con e-child\" data-id=\"bc8f3ef\" data-element_type=\"container\" data-e-type=\"container\">\n\t\t\t\t<div class=\"elementor-element elementor-element-98a70ff elementor-widget elementor-widget-text-editor\" data-id=\"98a70ff\" data-element_type=\"widget\" data-e-type=\"widget\" data-widget_type=\"text-editor.default\">\n\t\t\t\t\t\t\t\t\t<section class=\"pt-5 pb-5 bg-blue\">\n<div class=\"container\">\n<div class=\"row align-items-center\">\n<div class=\"col-md-4\"><img decoding=\"async\" class=\"img-fluid\" src=\"\/web\/20240421053052im_\/https:\/\/pigeon-propre.fr\/assets\/img\/logo-fr.png\" alt=\"\" \/>Depuis 1996 l\u2019\u00e9lectro-r\u00e9pulsion\u00ae <strong>Pigeon Propre<\/strong>\u00ae est reconnue comme le plus efficace et le plus esth\u00e9tique par une client\u00e8le exigeante tels que les <strong>monuments historiques<\/strong> et les B\u00e2timents de France.<\/div>\n<\/div>\n<\/div>\n<\/section>\t\t\t\t\t\t\t\t<\/div>\n\t\t\t\t<\/div>\n\t\t\t\t\t<\/div>\n\t\t\t\t<\/div>\n\t\t<div class=\"elementor-element elementor-element-39be2c5 e-con-full e-flex e-con e-parent\" data-id=\"39be2c5\" data-element_type=\"container\" data-e-type=\"container\">\n\t\t\t\t<div class=\"elementor-element elementor-element-779fb71 elementor-widget elementor-widget-text-editor\" data-id=\"779fb71\" data-element_type=\"widget\" data-e-type=\"widget\" data-widget_type=\"text-editor.default\">\n\t\t\t\t\t\t\t\t\t<h3 class=\"mb-5\">D\u00e9couvrez nos r\u00e9alisations pour l\u2019effarouchement des pigeons avec l&rsquo;\u00e9lectro-<\/h3>\n<h3 class=\"mb-5\">r\u00e9pulsion\u00ae Pigeon Propre<\/h3>\t\t\t\t\t\t\t\t<\/div>\n\t\t\t\t<\/div>\n\t\t<div class=\"elementor-element elementor-element-7047c6a e-flex e-con-boxed e-con e-parent\" data-id=\"7047c6a\" data-element_type=\"container\" data-e-type=\"container\" data-settings=\"{&quot;background_background&quot;:&quot;classic&quot;}\">\n\t\t\t\t\t<div class=\"e-con-inner\">\n\t\t\t\t<div class=\"elementor-element elementor-element-dce1450 elementor-widget elementor-widget-the7_button_widget\" data-id=\"dce1450\" data-element_type=\"widget\" data-e-type=\"widget\" data-widget_type=\"the7_button_widget.default\">\n\t\t\t\t<div class=\"elementor-widget-container\">\n\t\t\t\t\t<div class=\"elementor-button-wrapper\"><button class=\"box-button elementor-button elementor-size-xs\">Voir notre galerie<\/button><\/div>\t\t\t\t<\/div>\n\t\t\t\t<\/div>\n\t\t\t\t\t<\/div>\n\t\t\t\t<\/div>\n\t\t<div class=\"elementor-element elementor-element-c2f680a e-flex e-con-boxed e-con e-parent\" data-id=\"c2f680a\" data-element_type=\"container\" data-e-type=\"container\" data-settings=\"{&quot;background_background&quot;:&quot;classic&quot;}\">\n\t\t\t\t\t<div class=\"e-con-inner\">\n\t\t\t\t<div class=\"elementor-element elementor-element-e16b79d elementor-widget elementor-widget-text-editor\" data-id=\"e16b79d\" data-element_type=\"widget\" data-e-type=\"widget\" data-widget_type=\"text-editor.default\">\n\t\t\t\t\t\t\t\t\t<section class=\"bandeau-titre\">\n<h2 class=\"text-center\" style=\"border: 4px #0682F5; border-left-style: solid; padding-left: 20px;\"><span class=\"b-r-s\">Besoin de plus d&rsquo;information ? Nous pouvons vous appeler.\n <\/span><\/h2>\n<\/section>\t\t\t\t\t\t\t\t<\/div>\n\t\t\t\t\t<\/div>\n\t\t\t\t<\/div>\n\t\t\t\t<\/div>\n\t\t","protected":false},"excerpt":{"rendered":"<p>Electro-r\u00e9pulsion\u00ae Pigeon propre\u00ae,sp\u00e9cialiste des syst\u00e8mes d\u2019effarouchement anti-pigeons, est l\u2019inventeur d\u2019une solution efficace et brevet\u00e9e pour se d\u00e9barrasser des pigeons : l\u2019\u00e9lectro-r\u00e9pulsion\u00ae Pigeon Propre\u00ae, est propri\u00e9taire de la marque d\u00e9pos\u00e9e Electro-r\u00e9pulsion\u00ae depuis 1996. Plus de 4000 r\u00e9f\u00e9rences en France et \u00e0 l\u2019International, n\u00b01 des syst\u00e8mes d\u2019effarouchement des pigeons Nos services 01 43 97 48 61 Besoin&hellip;<\/p>\n","protected":false},"author":1,"featured_media":0,"parent":0,"menu_order":0,"comment_status":"closed","ping_status":"closed","template":"","meta":{"footnotes":""},"class_list":["post-13","page","type-page","status-publish","hentry"],"_links":{"self":[{"href":"https:\/\/pigeons-propres.fr\/index.php\/wp-json\/wp\/v2\/pages\/13","targetHints":{"allow":["GET"]}}],"collection":[{"href":"https:\/\/pigeons-propres.fr\/index.php\/wp-json\/wp\/v2\/pages"}],"about":[{"href":"https:\/\/pigeons-propres.fr\/index.php\/wp-json\/wp\/v2\/types\/page"}],"author":[{"embeddable":true,"href":"https:\/\/pigeons-propres.fr\/index.php\/wp-json\/wp\/v2\/users\/1"}],"replies":[{"embeddable":true,"href":"https:\/\/pigeons-propres.fr\/index.php\/wp-json\/wp\/v2\/comments?post=13"}],"version-history":[{"count":54,"href":"https:\/\/pigeons-propres.fr\/index.php\/wp-json\/wp\/v2\/pages\/13\/revisions"}],"predecessor-version":[{"id":82,"href":"https:\/\/pigeons-propres.fr\/index.php\/wp-json\/wp\/v2\/pages\/13\/revisions\/82"}],"wp:attachment":[{"href":"https:\/\/pigeons-propres.fr\/index.php\/wp-json\/wp\/v2\/media?parent=13"}],"curies":[{"name":"wp","href":"https:\/\/api.w.org\/{rel}","templated":true}]}}